{"id":8,"date":"2017-07-21T19:43:43","date_gmt":"2017-07-21T17:43:43","guid":{"rendered":"http:\/\/new.sporttrauma-koeln.de\/?page_id=8"},"modified":"2026-03-02T15:25:32","modified_gmt":"2026-03-02T14:25:32","slug":"karriere","status":"publish","type":"page","link":"https:\/\/sporttrauma-koeln.de\/en\/sportsclinic\/karriere\/","title":{"rendered":"Career"},"content":{"rendered":"<div class=\"career-section\">\n<p>\n        Du suchst mehr als nur einen Job? Du suchst ein Umfeld, in dem deine Expertise gesch\u00e4tzt wird und die Arbeit im Team richtig Spa\u00df macht? Dann bist du bei uns genau richtig.\n    <\/p>\n<p>\n        Als hochspezialisierte Fachpraxis f\u00fcr Sporttraumatologie und Orthop\u00e4die stehen wir f\u00fcr Medizin auf Top-Niveau. Doch was uns wirklich auszeichnet, ist unser Teamspirit: Wir arbeiten in einer offenen, herzlichen Atmosph\u00e4re mit flachen Hierarchien und kurzen Entscheidungswegen. In unseren modernen Praxisr\u00e4umen und unserem brandneuen, eigenen OP-Zentrum in K\u00f6ln-Rodenkirchen bieten wir dir einen Arbeitsplatz, der technologisch und menschlich Ma\u00dfst\u00e4be setzt.\n    <\/p>\n<p>\n        <strong>Wir legen Wert auf deine Entwicklung:<\/strong> Ob regelm\u00e4\u00dfige Fortbildungen, ein faires Miteinander oder gemeinsame Teamevents \u2013 wir m\u00f6chten, dass du dich bei uns langfristig wohlf\u00fchlst und gemeinsam mit uns w\u00e4chst.\n    <\/p>\n<div class=\"initiativ-bewerbung\" style=\"margin-top: 30px;\">\n<p>\n            Derzeit sind keine vakanten Positionen ausgeschrieben. Wenn Sie sich jedoch f\u00fcr unsere Praxis interessieren und \u00fcberzeugt sind, dass Sie mit Ihrem Fachwissen, Ihrer Erfahrung oder Ihrer Pers\u00f6nlichkeit unser Team bereichern k\u00f6nnten, freuen wir uns sehr \u00fcber Ihre <strong>Initiativbewerbung<\/strong>.\n        <\/p>\n<p>\n            Bitte senden Sie Ihre vollst\u00e4ndigen Bewerbungsunterlagen \u2013 sofern in einer konkreten Stellenausschreibung nicht anders angegeben \u2013 per E-Mail an <a href=\"mailto:info@sporttrauma-koeln.de\" aria-label=\"E-Mail an info at sporttrauma-koeln.de\">info@sporttrauma-koeln.de<\/a>.\n        <\/p>\n<p style=\"margin-bottom: 40px;\">\n            Wir pr\u00fcfen jede Bewerbung sorgf\u00e4ltig und melden uns zeitnah bei Ihnen.\n        <\/p>\n<\/p><\/div>\n<\/div>\n<p><!--\n\n\n\n<h3>Verst\u00e4rkung f\u00fcr unser OP-Team<\/h3>\n\n\n\n\n\n<p style=\"margin-bottom: 5px; margin-top: 20px;\">\n    <strong>Operationstechnische Assistenz (OTA) oder Chirurgisch-technische Assistenz (CTA)<\/strong>\n<\/p>\n\n\n\n\n\n<p>\n    Wir sind ein motiviertes und selbstorganisiertes Team mit viel Spa\u00df an der Arbeit und begleiten die Operateure der Sportsclinic Cologne an all ihren Standorten \u2013 haupts\u00e4chlich in unserem eigenen, neuen OP-Zentrum in K\u00f6ln-Rodenkirchen. Das OP-Fachpersonal ist mit Begeisterung dabei, lernwillig und lehrfreudig, instrumentiert und assistiert. \n    <b>Nacht- und Wochenenddienste fallen bei uns nicht an.<\/b>\n<\/p>\n\n\n\n\n\n<p><strong>Das bieten wir dir:<\/strong><\/p>\n\n\n\n\n<ul class=\"checkmark\">\n    \n\n<li><strong>Attraktive Verg\u00fctung:<\/strong> Ein faires Gehalt plus ein volles 13. Monatsgehalt.<\/li>\n\n\n    \n\n<li><strong>Work-Life-Balance:<\/strong> Geregelte Arbeitszeiten ohne Nacht- oder Wochenenddienste.<\/li>\n\n\n    \n\n<li><strong>Team & Klima:<\/strong> Ein sehr gutes Arbeitsklima in einem jungen, herzlichen Team mit regelm\u00e4\u00dfigen Betriebsfeiern.<\/li>\n\n\n    \n\n<li><strong>Vorsorge & Mobilit\u00e4t:<\/strong> Betriebliche Altersvorsorge, Jobticket und Mitgliedschaft im Urban Sports Club.<\/li>\n\n\n    \n\n<li><strong>Entwicklung:<\/strong> Flache Hierarchien sowie regelm\u00e4\u00dfige betriebliche Fort- und Weiterbildungen.<\/li>\n\n\n    \n\n<li><strong>Arbeitsplatz:<\/strong> Ein vielseitiges Aufgabengebiet mit hochmoderner technischer Ausstattung und kostenlosen Getr\u00e4nken.<\/li>\n\n\n<\/ul>\n\n\n\n\n\n<p>\n    Wir freuen uns auf deine Bewerbung!<br \/>\n    Bitte sende deine vollst\u00e4ndigen Bewerbungsunterlagen an: \n    <a href=\"mailto:puetz@sporttrauma-koeln.de\" style=\"font-weight: bold; color: #0056b3;\">puetz@sporttrauma-koeln.de<\/a>\n<\/p>\n\n\n\n\n\n<p style=\"color: #666; font-style: italic;\">\n    Wir pr\u00fcfen jede Bewerbung sorgf\u00e4ltig und melden uns zeitnah bei dir.\n<\/p>\n\n\n\n\n\n<hr style=\"margin: 40px 0;\" \/>\n\n\n\n<h3>Medizinische Hilfskraft (m\/w\/d) f\u00fcr unseren Empfang<\/h3>\n\n\n\n\n\n<p style=\"margin-bottom: 5px; margin-top: 20px;\">\n    <strong>Unterst\u00fctzung im Praxismanagement \/ Empfang<\/strong>\n<\/p>\n\n\n\n\n\n<p>\n    Du suchst eine neue Herausforderung in einem modernen, dynamischen Umfeld? Wir suchen ab sofort eine motivierte Unterst\u00fctzung f\u00fcr unseren Empfang. Du bist die erste Anlaufstelle f\u00fcr unsere Patienten, koordinierst Termine und sorgst f\u00fcr einen reibungslosen Ablauf in unserer Praxis. Wenn du Freude am Umgang mit Menschen hast und ein Organisationstalent bist, passt du perfekt in unser Team.\n<\/p>\n\n\n\n\n\n<p>\n    <strong>Deine Aufgaben bei uns:<\/strong><br \/>\nFreundlicher Empfang und Anmeldung von Patienten inklusive Erfassung pers\u00f6nlicher Daten und Terminvergabe,  Koordination der Sprechstunde und Unterst\u00fctzung der \u00c4rzte,  Arbeit mit unserer Praxissoftware tomedo sowie Vorbereitung der Abrechnung und allgemeine administrative Aufgaben, ggfs. R\u00f6ntgen (mit der M\u00f6glichkeit einen R\u00f6ntgenschein zu erwerben).\n<\/p>\n\n\n\n\n\n<p><strong>Das bieten wir dir:<\/strong><\/p>\n\n\n\n\n<ul class=\"checkmark\">\n    \n\n<li><strong>Attraktive Verg\u00fctung:<\/strong> Ein faires Gehalt plus ein volles 13. Monatsgehalt.<\/li>\n\n\n    \n\n<li><strong>Work-Life-Balance:<\/strong> Geregelte Arbeitszeiten ohne Nacht- oder Wochenenddienste.<\/li>\n\n\n    \n\n<li><strong>Team & Klima:<\/strong> Ein sehr gutes Arbeitsklima in einem jungen, herzlichen Team mit regelm\u00e4\u00dfigen Betriebsfeiern.<\/li>\n\n\n    \n\n<li><strong>Vorsorge & Mobilit\u00e4t:<\/strong> Betriebliche Altersvorsorge, Jobticket und Mitgliedschaft im Urban Sports Club.<\/li>\n\n\n    \n\n<li><strong>Entwicklung:<\/strong> Flache Hierarchien sowie regelm\u00e4\u00dfige betriebliche Fort- und Weiterbildungen.<\/li>\n\n\n    \n\n<li><strong>Arbeitsplatz:<\/strong> Ein vielseitiges Aufgabengebiet mit hochmoderner technischer Ausstattung und kostenlosen Getr\u00e4nken.<\/li>\n\n\n<\/ul>\n\n\n\n\n\n<p>\n    Wir freuen uns auf deine Bewerbung!<br \/>\n    Bitte sende deine vollst\u00e4ndigen Unterlagen per E-Mail an Nadine Hettenbach: \n    <a href=\"mailto:hettenbach@sporttrauma-koeln.de\" style=\"font-weight: bold; color: #0056b3;\">hettenbach@sporttrauma-koeln.de<\/a>\n<\/p>\n\n\n\n\n\n<p style=\"padding-bottom: 100px; color: #666; font-style: italic;\">\n    Wir pr\u00fcfen jede Bewerbung sorgf\u00e4ltig und melden uns zeitnah bei dir.\n<\/p>\n\n\n\n\n<h3>Verst\u00e4rkung f\u00fcr unser Team!<\/h3>\n\n\n\n\n<p style=\"margin-bottom: 0px; margin-top: 20px;\"><strong>An\u00e4sthesiepflege\/ATA (m\/w\/d) in Vollzeit\/Teilzeit<\/strong><\/p>\n\n\n\n\n<p>Wird sind ein motiviertes und selbstorganisiertes Team mit viel Spa\u00df an der Arbeit.<br \/>\nZur Erweiterung unseres Standortes in K\u00f6ln-Rodenkirchen suchen wir Verst\u00e4rkung ab April 2025, f\u00fcr die fachgerechte Betreuung unseres Aufwachraumes.<\/p>\n\n\n\n\n<h3>Bewirb dich jetzt und werde Teil unseres Teams!<\/h3>\n\n\n\n\n<p>Wir freuen uns auf eure Bewerbung!<br \/>\nBitte richtet eure Bewerbungsunterlagen an: <strong>puetz@sporttrauma-koeln.de<\/strong><\/p>\n\n\n\n\n\n\n<h3>MFA \/ Gesundheits- und Krankenpfleger (m\/w\/d)<\/h3>\n\n\n\n\n<p>F\u00fcr unser junges Team suchen wir sowohl in VZ als auch in TZ eine Verst\u00e4rkung (gern Berufseinsteiger). Wir sind eine renommierte und stetig wachsende \u00fcber\u00f6rtliche Praxis f\u00fcr Sporttraumatlogie, Orthop\u00e4die und Gelenkchirurgie in K\u00f6ln. Die Praxisstandorte K\u00f6ln Merheim und Rodenkirchen sind aufgrund der Verkehrsanbindung mit PKW und \u00d6PNV sehr gut zu erreichen.<\/p>\n\n\n\n\n<p style=\"margin-bottom:0px;\"><strong>Wir bieten dir:<\/strong><\/p>\n\n\n\n\n<ul class=\"checkmark\">\n\n\n<li>eine flache Hierarchie mit pers\u00f6nlichem und beruflichem Entwicklungspotential<\/li>\n\n\n\n\n<li>die M\u00f6glichkeit zu regelm\u00e4\u00dfigen Fort- und Weiterbildung<\/li>\n\n\n\n\n<li>ein vielseitiger Arbeitsplatz mit verantwortungsvollen und interessanten Aufgaben<\/li>\n\n\n\n\n<li>ein sehr gutes Arbeitsklima in einem jungen und netten Team<\/li>\n\n\n\n\n<li>ein 13. Gehalt<\/li>\n\n\n\n\n<li>eine technisch moderne Ausstattung<\/li>\n\n\n\n\n<li>die M\u00f6glichkeit zum Erwerb eines Jobtickets<\/li>\n\n\n<\/ul>\n\n\n\n\n<p style=\"margin-bottom:0px;\"><strong>Wir erwarten von dir:<\/strong><\/p>\n\n\n\n\n<ul class=\"checkmark\">\n\n\n<li>eine abgeschlossene Berufsausbildung zum\/zur MFA \/ Gesundheits- und Krankenpfleger (m\/w\/d)<\/li>\n\n\n\n\n<li>eine verantwortungsvolle und strukturierte Arbeitsweise<\/li>\n\n\n\n\n<li>Bereitschaft zur Durchf\u00fchrung und Steuerung einer gro\u00dfen Sprechstunde<\/li>\n\n\n\n\n<li>Einf\u00fchlungsverm\u00f6gen gegen\u00fcber den Patienten und deren Angeh\u00f6rigen<\/li>\n\n\n\n\n<li>Engagement und Teamf\u00e4higkeit<\/li>\n\n\n\n\n<li>gepflegtes \u00c4u\u00dferes<\/li>\n\n\n\n\n<li>Erfahrung im Umgang mit der Praxissoftware TOMEDO und gute EDV-Kenntnisse sind von Vorteil<\/li>\n\n\n<\/ul>\n\n\n\n\n<p style=\"margin-bottom:0px;\"><strong>Deine Aufgaben:<\/strong><\/p>\n\n\n\n\n<ul class=\"checkmark\">\n\n\n<li>Sprechstundenorganisation<\/li>\n\n\n\n\n<li>Betreuung der OP-Patienten<\/li>\n\n\n\n\n<li>Visitenbegleitung\/Verbandswechsel<\/li>\n\n\n\n\n<li>Administrative T\u00e4tigkeiten rund um die Patientenversorgung<\/li>\n\n\n<\/ul>\n\n\n\n\n<h3>Bewirb dich jetzt und werde Teil unseres Teams!<\/h3>\n\n\n\n\n<p>Bewerbungsunterlagen gern per E-Mail z.Hd. Frau Melanie Motyl an: <strong>motyl@sporttrauma-koeln.de<\/strong><\/p>\n\n\n\n\n<p style=\"margin-bottom:0px;\"><strong>Arbeitszeiten:<\/strong><\/p>\n\n\n\n\n<ul class=\"checkmark\">\n\n\n<li>Vollzeit und Teilzeit<\/li>\n\n\n\n\n<li>Montag bis Freitag<\/li>\n\n\n\n\n<li>kein Homeoffice m\u00f6glich<\/li>\n\n\n<\/ul>\n\n\n\n\n<p style=\"margin-bottom:0px;\"><strong>Leistungen:<\/strong><\/p>\n\n\n\n\n<ul class=\"checkmark\">\n\n\n<li>Betriebliche Altersvorsorge<\/li>\n\n\n\n\n<li>Betriebliche Weiterbildung<\/li>\n\n\n\n\n<li>Betriebsfeiern<\/li>\n\n\n\n\n<li>kostenlose Getr\u00e4nke<\/li>\n\n\n<\/ul>\n\n\n\n\n<p>--><\/p>\n","protected":false},"excerpt":{"rendered":"<p>Du suchst mehr als nur einen Job? Du suchst ein Umfeld, in dem deine Expertise gesch\u00e4tzt wird und die Arbeit im Team richtig Spa\u00df macht? Dann bist du bei uns genau richtig. Als hochspezialisierte Fachpraxis f\u00fcr Sporttraumatologie und Orthop\u00e4die stehen wir f\u00fcr Medizin auf Top-Niveau. Doch was uns wirklich auszeichnet, ist unser Teamspirit: Wir arbeiten &hellip; <\/p>\n<p class=\"link-more\"><a href=\"https:\/\/sporttrauma-koeln.de\/en\/sportsclinic\/karriere\/\" class=\"more-link\">Continue reading<span class=\"screen-reader-text\"> &#8220;Career&#8221;<\/span><\/a><\/p>\n","protected":false},"author":2,"featured_media":0,"parent":6,"menu_order":55,"comment_status":"closed","ping_status":"closed","template":"","meta":{"_acf_changed":false,"footnotes":""},"class_list":["post-8","page","type-page","status-publish","hentry"],"translation":{"provider":"WPGlobus","version":"3.0.0","language":"en","enabled_languages":["de","en"],"languages":{"de":{"title":true,"content":true,"excerpt":false},"en":{"title":true,"content":false,"excerpt":false}}},"acf":[],"_links":{"self":[{"href":"https:\/\/sporttrauma-koeln.de\/en\/wp-json\/wp\/v2\/pages\/8","targetHints":{"allow":["GET"]}}],"collection":[{"href":"https:\/\/sporttrauma-koeln.de\/en\/wp-json\/wp\/v2\/pages"}],"about":[{"href":"https:\/\/sporttrauma-koeln.de\/en\/wp-json\/wp\/v2\/types\/page"}],"author":[{"embeddable":true,"href":"https:\/\/sporttrauma-koeln.de\/en\/wp-json\/wp\/v2\/users\/2"}],"replies":[{"embeddable":true,"href":"https:\/\/sporttrauma-koeln.de\/en\/wp-json\/wp\/v2\/comments?post=8"}],"version-history":[{"count":133,"href":"https:\/\/sporttrauma-koeln.de\/en\/wp-json\/wp\/v2\/pages\/8\/revisions"}],"predecessor-version":[{"id":3699,"href":"https:\/\/sporttrauma-koeln.de\/en\/wp-json\/wp\/v2\/pages\/8\/revisions\/3699"}],"up":[{"embeddable":true,"href":"https:\/\/sporttrauma-koeln.de\/en\/wp-json\/wp\/v2\/pages\/6"}],"wp:attachment":[{"href":"https:\/\/sporttrauma-koeln.de\/en\/wp-json\/wp\/v2\/media?parent=8"}],"curies":[{"name":"wp","href":"https:\/\/api.w.org\/{rel}","templated":true}]}}