{"id":6,"date":"2017-07-21T19:43:16","date_gmt":"2017-07-21T17:43:16","guid":{"rendered":"http:\/\/new.sporttrauma-koeln.de\/?page_id=6"},"modified":"2021-06-08T14:46:20","modified_gmt":"2021-06-08T12:46:20","slug":"sportsclinic","status":"publish","type":"page","link":"https:\/\/sporttrauma-koeln.de\/en\/sportsclinic\/","title":{"rendered":"Sportsclinic Cologne"},"content":{"rendered":"<p>The Sportsclinic Cologne with its locations at the clinic K\u00f6ln Mehrheim and K\u00f6ln Rodenkirchen was founded by Prof. Dr. H\u00f6her in 2005. Since then, it has established towards a practice specialised for Sports Traumatology, Orthopaedics and Joint Surgery with a special focus on the diagnosis and medical treatment of Sports Injuries and Joint Diseases.<\/p>\n<h3><a href=\"https:\/\/sporttrauma-koeln.de\/en\/sportsclinic\/team\/\">TEAM<\/a><\/h3>\n<p>Our highly qualified medical team consisting of medical and non-medical staff is dedicated to the understanding and accommodation of your individual needs. As a patient, you profit from our diverse professional expertise. Moreover, through close cooperation with established doctors at single practices, the orthopaedic and trauma surgery department at the clinic K\u00f6ln-Merheim as well as many rehabilitation facilities offer a great variety for specialised treatment.<\/p>\n<ul class=\"checkmark\" style=\"padding-bottom: 30px;\">\n<li><a href=\"\/en\/sportsclinic\/team\/leitende-aerzte\">Senior Physicians<\/a><\/li>\n<li><a href=\"\/en\/sportsclinic\/team\/aerztliche-mitarbeiter\">Medical Staff<\/a><\/li>\n<li><a href=\"\/en\/sportsclinic\/team\/telefonbuero\">Telefonb\u00fcro<\/a><\/li>\n<li><a href=\"\/en\/sportsclinic\/team\/op-terminbuero\">OP-Terminb\u00fcro<\/a><\/li>\n<li><a href=\"\/en\/sportsclinic\/team\/op-team\">Surgical Team<\/a><\/li>\n<li><a href=\"\/en\/sportsclinic\/team\/praxis-team\">Practice Team<\/a><\/li>\n<li><a href=\"\/en\/sportsclinic\/team\/verwaltung\">Management\/Administration<\/a><\/li>\n<\/ul>\n<h3><a href=\"https:\/\/sporttrauma-koeln.de\/sportsclinic\/karriere\/\">CAREER<\/a><\/h3>\n<p><a class=\"readmore\" href=\"https:\/\/sporttrauma-koeln.de\/sportsclinic\/karriere\/\"> more<\/a><\/p>\n<h3><a href=\"https:\/\/sporttrauma-koeln.de\/sportsclinic\/fortbildungen\/\">EVENTS<\/a><\/h3>\n<p><a class=\"readmore\" href=\"https:\/\/sporttrauma-koeln.de\/sportsclinic\/fortbildungen\/\"> more<\/a><\/p>\n","protected":false},"excerpt":{"rendered":"<p>The Sportsclinic Cologne with its locations at the clinic K\u00f6ln Mehrheim and K\u00f6ln Rodenkirchen was founded by Prof. Dr. H\u00f6her in 2005. Since then, it has established towards a practice specialised for Sports Traumatology, Orthopaedics and Joint Surgery with a special focus on the diagnosis and medical treatment of Sports Injuries and Joint Diseases. TEAM &hellip; <\/p>\n<p class=\"link-more\"><a href=\"https:\/\/sporttrauma-koeln.de\/en\/sportsclinic\/\" class=\"more-link\">Continue reading<span class=\"screen-reader-text\"> &#8220;Sportsclinic Cologne&#8221;<\/span><\/a><\/p>\n","protected":false},"author":2,"featured_media":0,"parent":0,"menu_order":13,"comment_status":"closed","ping_status":"closed","template":"","meta":{"_acf_changed":false,"footnotes":""},"class_list":["post-6","page","type-page","status-publish","hentry"],"translation":{"provider":"WPGlobus","version":"3.0.0","language":"en","enabled_languages":["de","en"],"languages":{"de":{"title":true,"content":true,"excerpt":false},"en":{"title":false,"content":true,"excerpt":false}}},"acf":[],"_links":{"self":[{"href":"https:\/\/sporttrauma-koeln.de\/en\/wp-json\/wp\/v2\/pages\/6","targetHints":{"allow":["GET"]}}],"collection":[{"href":"https:\/\/sporttrauma-koeln.de\/en\/wp-json\/wp\/v2\/pages"}],"about":[{"href":"https:\/\/sporttrauma-koeln.de\/en\/wp-json\/wp\/v2\/types\/page"}],"author":[{"embeddable":true,"href":"https:\/\/sporttrauma-koeln.de\/en\/wp-json\/wp\/v2\/users\/2"}],"replies":[{"embeddable":true,"href":"https:\/\/sporttrauma-koeln.de\/en\/wp-json\/wp\/v2\/comments?post=6"}],"version-history":[{"count":39,"href":"https:\/\/sporttrauma-koeln.de\/en\/wp-json\/wp\/v2\/pages\/6\/revisions"}],"predecessor-version":[{"id":2061,"href":"https:\/\/sporttrauma-koeln.de\/en\/wp-json\/wp\/v2\/pages\/6\/revisions\/2061"}],"wp:attachment":[{"href":"https:\/\/sporttrauma-koeln.de\/en\/wp-json\/wp\/v2\/media?parent=6"}],"curies":[{"name":"wp","href":"https:\/\/api.w.org\/{rel}","templated":true}]}}