{"id":320,"date":"2017-10-26T15:52:35","date_gmt":"2017-10-26T13:52:35","guid":{"rendered":"http:\/\/new.sporttrauma-koeln.de\/?page_id=320"},"modified":"2017-11-08T11:52:06","modified_gmt":"2017-11-08T10:52:06","slug":"plica-syndrom","status":"publish","type":"page","link":"https:\/\/sporttrauma-koeln.de\/en\/leistungsbereiche\/ellenbogen\/plica-syndrom\/","title":{"rendered":"Plica-Syndrom"},"content":{"rendered":"<p>Bei der Plica radialis handelt es sich um eine Schleimhautfalte bzw. Ausziehung an der Innenseite der Gelenkkapsel des Ellenbogens. Diese Ausziehung ist ein Relikt der Embryonalzeit und bei nahezu allen Menschen nachzuweisen und somit keinesfalls als krankhaft zu bezeichnen. Bei Einklemmung dieser Plica zwischen den Gelenkknochen oder repetitiver Mikrotraumatisierung im Sport kann es jedoch zu deren Verletzung, Schmerzen und Schnappph\u00e4nomenen kommen.<\/p>\n<h3><strong>Typische Beschwerden beim Plica-Syndrom<\/strong><\/h3>\n<p>Eine einklemmende Plica f\u00fchrt zu teilweise einschie\u00dfenden Schmerzen im Bereich des \u00e4u\u00dferen Ellenbogengelenkes. Diese sind insbesondere in (\u00dcber)Streckung des Armes ausl\u00f6sbar. Die Abgrenzung zum Tennisellenbogen ist schwierig und gelegentlich treten beide Erkrankungen gleichzeitig auf. Patienten beschreiben zudem h\u00e4ufig ein sp\u00fcrbares und reproduzierbares Schnappen, Klicken oder Reiben in diesem Bereich.<\/p>\n<h3><strong>Konservative Therapie beim Plica-Syndrom<\/strong><\/h3>\n<p>Das akute Plica-Syndrom wird mit einer kurzfristigen Ruhigstellung\/Schonung des Ellenbogens sowie entz\u00fcndungshemmenden und schmerzstillenden Medikamenten behandelt.<\/p>\n<h3><strong>Operative Therapie beim Plica-Syndrom<\/strong><\/h3>\n<p>Die operative Therapie des Plica-Syndroms erfolgt nur bei persistierenden Beschwerden trotz konservativer Therapie und nach Ausschluss aller weiteren m\u00f6glichen Ursachen f\u00fcr Schmerzen am \u00e4u\u00dferen Ellenbogen. \u00dcber eine minimal-invasive Operation in \u201eSchl\u00fcssellochtechnik\u201c (Gelenkspiegelung oder Arthroskopie) kann die Plica dargestellt und entfernt werden.<\/p>\n<h3><strong>Nachbehandlung nach operativer Entfernung der Plica radialis<\/strong><\/h3>\n<p>Die Rehabilitationsdauer nach solchen Eingriffen ist in der Regel kurz. Krankengymnastik mit fr\u00fchfunktioneller Mobilisation im schmerzfreien Bereich, entz\u00fcndungshemmende und schmerzstillende Medikamente und K\u00fchlung sind von Nutzen. Die physiotherapeutische Be\u00fcbung des Gelenkes beginnt am Tag nach der Operation.<\/p>\n","protected":false},"excerpt":{"rendered":"<p>Bei der Plica radialis handelt es sich um eine Schleimhautfalte bzw. Ausziehung an der Innenseite der Gelenkkapsel des Ellenbogens. Diese Ausziehung ist ein Relikt der Embryonalzeit und bei nahezu allen Menschen nachzuweisen und somit keinesfalls als krankhaft zu bezeichnen. Bei Einklemmung dieser Plica zwischen den Gelenkknochen oder repetitiver Mikrotraumatisierung im Sport kann es jedoch zu &hellip; <\/p>\n<p class=\"link-more\"><a href=\"https:\/\/sporttrauma-koeln.de\/en\/leistungsbereiche\/ellenbogen\/plica-syndrom\/\" class=\"more-link\">Continue reading<span class=\"screen-reader-text\"> &#8220;Plica-Syndrom&#8221;<\/span><\/a><\/p>\n","protected":false},"author":2,"featured_media":695,"parent":20,"menu_order":31,"comment_status":"closed","ping_status":"closed","template":"","meta":{"_acf_changed":false,"footnotes":""},"class_list":["post-320","page","type-page","status-publish","has-post-thumbnail","hentry"],"translation":{"provider":"WPGlobus","version":"3.0.0","language":"en","enabled_languages":["de","en"],"languages":{"de":{"title":true,"content":true,"excerpt":false},"en":{"title":true,"content":true,"excerpt":false}}},"acf":[],"_links":{"self":[{"href":"https:\/\/sporttrauma-koeln.de\/en\/wp-json\/wp\/v2\/pages\/320","targetHints":{"allow":["GET"]}}],"collection":[{"href":"https:\/\/sporttrauma-koeln.de\/en\/wp-json\/wp\/v2\/pages"}],"about":[{"href":"https:\/\/sporttrauma-koeln.de\/en\/wp-json\/wp\/v2\/types\/page"}],"author":[{"embeddable":true,"href":"https:\/\/sporttrauma-koeln.de\/en\/wp-json\/wp\/v2\/users\/2"}],"replies":[{"embeddable":true,"href":"https:\/\/sporttrauma-koeln.de\/en\/wp-json\/wp\/v2\/comments?post=320"}],"version-history":[{"count":4,"href":"https:\/\/sporttrauma-koeln.de\/en\/wp-json\/wp\/v2\/pages\/320\/revisions"}],"predecessor-version":[{"id":776,"href":"https:\/\/sporttrauma-koeln.de\/en\/wp-json\/wp\/v2\/pages\/320\/revisions\/776"}],"up":[{"embeddable":true,"href":"https:\/\/sporttrauma-koeln.de\/en\/wp-json\/wp\/v2\/pages\/20"}],"wp:featuredmedia":[{"embeddable":true,"href":"https:\/\/sporttrauma-koeln.de\/en\/wp-json\/wp\/v2\/media\/695"}],"wp:attachment":[{"href":"https:\/\/sporttrauma-koeln.de\/en\/wp-json\/wp\/v2\/media?parent=320"}],"curies":[{"name":"wp","href":"https:\/\/api.w.org\/{rel}","templated":true}]}}