{"id":318,"date":"2017-10-26T15:52:19","date_gmt":"2017-10-26T13:52:19","guid":{"rendered":"http:\/\/new.sporttrauma-koeln.de\/?page_id=318"},"modified":"2017-11-08T11:51:31","modified_gmt":"2017-11-08T10:51:31","slug":"freie-gelenkkoerper","status":"publish","type":"page","link":"https:\/\/sporttrauma-koeln.de\/en\/leistungsbereiche\/ellenbogen\/freie-gelenkkoerper\/","title":{"rendered":"Freie Gelenkk\u00f6rper"},"content":{"rendered":"<p>Freie Gelenkk\u00f6rper sind kleine Knorpel- oder Knochenfragmente, die meist auf dem Boden vorbestehender Erkrankungen wie Arthrose, Osteochondrose dissecans oder Instabilit\u00e4ten entstehen. Aber auch Sturzereignisse oder \u00dcberbelastungen im Sport k\u00f6nnen Ursache freier Gelenkk\u00f6rper sein.<\/p>\n<h3><strong>Typische Beschwerden bei freien Gelenkk\u00f6rpern<\/strong><\/h3>\n<p>Wegweisendes Symptom bei freien Gelenkk\u00f6rpern sind wiederkehrende Gelenkblockaden, Einklemmungsgef\u00fchle sowie Bewegungseinschr\u00e4nkungen des Ellenbogengelenkes. Gelegentlich lassen sich diese Blockaden durch Sch\u00fctteln des Armes wieder l\u00f6sen. Au\u00dferdem kann der Patient ein Gelenkreiben oder \u2013knirschen versp\u00fcren. Alle diese Beschwerden sind h\u00e4ufig mit Schmerzen assoziiert und k\u00f6nnen zur Schwellung des Gelenkes f\u00fchren.<\/p>\n<h3><strong>Konservative Therapie bei freien Gelenkk\u00f6rpern<\/strong><\/h3>\n<p>Eine konservative Therapie ist bei symptomatischen freien Gelenkk\u00f6rpern nicht zu empfehlen. Da es sich um ein mechanisches Problem handelt ist nur in wenigen F\u00e4llen eine Besserung der Beschwerden zu erwarten. Zudem f\u00fchrt das Reiben und Einklemmen der Gelenkk\u00f6rper zu einer erh\u00f6hten Belastung des umliegenden gesunden Knorpels, so dass ein erh\u00f6htes Risiko f\u00fcr irreparable Folgesch\u00e4den des Gelenkes besteht.<\/p>\n<h3><strong>Operative Therapie bei freien Gelenkk\u00f6rpern<\/strong><\/h3>\n<p>Fast alle Gelenkk\u00f6rper lassen sich \u00fcber eine minimal-invasive Operation in \u201eSchl\u00fcssellochtechnik\u201c (Gelenkspiegelung oder Arthroskopie) entfernen. Hierf\u00fcr werden \u00fcber wenige Millimeter lange Schnitte eine Kamera und Instrumente ins Gelenk eingef\u00fchrt, mit deren Hilfe die freien Gelenkk\u00f6rper dargestellt und entfernt werden. Falls n\u00f6tig, kann in derselben Operation auch die f\u00fcr die Entstehung der Gelenkk\u00f6rper urs\u00e4chliche Grunderkrankung therapiert werden.<\/p>\n<h3><strong>Nachbehandlung nach operativer Entfernung freier Gelenkk\u00f6rper<\/strong><\/h3>\n<p>Nach der Operation sind Krankengymnastik mit fr\u00fchfunktioneller Mobilisation im schmerzfreien Bereich, entz\u00fcndungshemmende und schmerzstillende Medikamente und K\u00fchlung von gro\u00dfem Nutzen. Die physiotherapeutische Be\u00fcbung des Gelenkes beginnt unmittelbar am Tag nach der Operation.<\/p>\n","protected":false},"excerpt":{"rendered":"<p>Freie Gelenkk\u00f6rper sind kleine Knorpel- oder Knochenfragmente, die meist auf dem Boden vorbestehender Erkrankungen wie Arthrose, Osteochondrose dissecans oder Instabilit\u00e4ten entstehen. Aber auch Sturzereignisse oder \u00dcberbelastungen im Sport k\u00f6nnen Ursache freier Gelenkk\u00f6rper sein. Typische Beschwerden bei freien Gelenkk\u00f6rpern Wegweisendes Symptom bei freien Gelenkk\u00f6rpern sind wiederkehrende Gelenkblockaden, Einklemmungsgef\u00fchle sowie Bewegungseinschr\u00e4nkungen des Ellenbogengelenkes. Gelegentlich lassen sich diese &hellip; <\/p>\n<p class=\"link-more\"><a href=\"https:\/\/sporttrauma-koeln.de\/en\/leistungsbereiche\/ellenbogen\/freie-gelenkkoerper\/\" class=\"more-link\">Continue reading<span class=\"screen-reader-text\"> &#8220;Freie Gelenkk\u00f6rper&#8221;<\/span><\/a><\/p>\n","protected":false},"author":2,"featured_media":695,"parent":20,"menu_order":29,"comment_status":"closed","ping_status":"closed","template":"","meta":{"_acf_changed":false,"footnotes":""},"class_list":["post-318","page","type-page","status-publish","has-post-thumbnail","hentry"],"translation":{"provider":"WPGlobus","version":"3.0.0","language":"en","enabled_languages":["de","en"],"languages":{"de":{"title":true,"content":true,"excerpt":false},"en":{"title":true,"content":true,"excerpt":false}}},"acf":[],"_links":{"self":[{"href":"https:\/\/sporttrauma-koeln.de\/en\/wp-json\/wp\/v2\/pages\/318","targetHints":{"allow":["GET"]}}],"collection":[{"href":"https:\/\/sporttrauma-koeln.de\/en\/wp-json\/wp\/v2\/pages"}],"about":[{"href":"https:\/\/sporttrauma-koeln.de\/en\/wp-json\/wp\/v2\/types\/page"}],"author":[{"embeddable":true,"href":"https:\/\/sporttrauma-koeln.de\/en\/wp-json\/wp\/v2\/users\/2"}],"replies":[{"embeddable":true,"href":"https:\/\/sporttrauma-koeln.de\/en\/wp-json\/wp\/v2\/comments?post=318"}],"version-history":[{"count":3,"href":"https:\/\/sporttrauma-koeln.de\/en\/wp-json\/wp\/v2\/pages\/318\/revisions"}],"predecessor-version":[{"id":775,"href":"https:\/\/sporttrauma-koeln.de\/en\/wp-json\/wp\/v2\/pages\/318\/revisions\/775"}],"up":[{"embeddable":true,"href":"https:\/\/sporttrauma-koeln.de\/en\/wp-json\/wp\/v2\/pages\/20"}],"wp:featuredmedia":[{"embeddable":true,"href":"https:\/\/sporttrauma-koeln.de\/en\/wp-json\/wp\/v2\/media\/695"}],"wp:attachment":[{"href":"https:\/\/sporttrauma-koeln.de\/en\/wp-json\/wp\/v2\/media?parent=318"}],"curies":[{"name":"wp","href":"https:\/\/api.w.org\/{rel}","templated":true}]}}