{"id":316,"date":"2017-10-26T15:52:00","date_gmt":"2017-10-26T13:52:00","guid":{"rendered":"http:\/\/new.sporttrauma-koeln.de\/?page_id=316"},"modified":"2017-11-08T11:50:51","modified_gmt":"2017-11-08T10:50:51","slug":"osteochondrosis-dissecans","status":"publish","type":"page","link":"https:\/\/sporttrauma-koeln.de\/en\/leistungsbereiche\/ellenbogen\/osteochondrosis-dissecans\/","title":{"rendered":"Osteochondrosis dissecans"},"content":{"rendered":"<p>Bei der Osteochondrosis dissecans handelt es sich um eine umschriebene Knochenl\u00e4sion direkt unterhalb des Gelenkknorpels des \u00e4u\u00dferen Oberarmknochens des Ellenbogengelenkes (Capitulum humeri). Am Ende dieser in Stadien ablaufenden Erkrankung kann es zu einer Herausl\u00f6sung des gesamten Knorpel-Knochen-Fragmentes kommen. Betroffen sind haupts\u00e4chlich aktive Kinder und Jugendliche. Bei noch nicht g\u00e4nzlich gekl\u00e4rter \u00c4tiologie gelten mechanische Faktoren wie eine repetitive Impulsbelastung als m\u00f6gliche Ursache. Ein Zusammenhang mit armbelastenden Wurfsportarten wie Handball oder Volleyball konnte festgestellt werden. Auch scheint die Knochenqualit\u00e4t und \u2013struktur eine Rolle zu spielen. Aktuelle Untersuchungen zeigen bei vielen Betroffenen einen teils ausgepr\u00e4gten Vitamin D3-Mangel mit hierdurch bedingter St\u00f6rung des f\u00fcr das Knochenwachstum essentiellen Calcium-Stoffwechsels. Zu einem der Osteochondrosis dissecans \u00e4hnlichem Krankheitsbild f\u00fchrt der Morbus Panner, eine Durchblutungsst\u00f6rung des Capitulum humeri die im Kindesalter auftreten kann.<\/p>\n<h3><strong>Typische Beschwerden bei Osteochondrosis dissecans<\/strong><\/h3>\n<p>Von einer Osteochondrosis dissecans betroffene Kinder und Jugendliche \u00e4u\u00dfern meist belastungsabh\u00e4ngige Schmerzen des Ellenbogens zum Beispiel beim Sport. Da diese Schmerzen gr\u00f6\u00dftenteils unspezifisch sind, dauert es h\u00e4ufig recht lange, bis diese Erkrankung diagnostiziert wird. Im fortgeschrittenen Stadium der Osteochondrosis dissecans kann es zu Blockade- und Einklemmungsgef\u00fchlen kommen.<\/p>\n<h3><strong>Konservative Therapie der Osteochondrosis dissecans<\/strong><\/h3>\n<p>Die Therapie der Osteochondrosis dissecans ist abh\u00e4ngig vom Alter und Wachstum des Betroffenen sowie vom Stadium der Erkrankung. Der konservative Therapieversuch der Erkrankung erfordert eine deutliche Reduktion der mechanischen Belastung des Gelenkes zum Beispiel durch konsequentes Sportverbot. Zus\u00e4tzlich sollte ein Vitamin D3-Mangel unbedingt ausgeschlossen und ggf. eine entsprechende Substitutionstherapie begonnen werden.<\/p>\n<h3><strong>Operative Therapie der Osteochondrosis dissecans<\/strong><\/h3>\n<p>Kommt es trotz konsequenter konservativer Therapie zu einem Fortschreiten der Erkrankung oder sollte diese erst in einem fortgeschrittenen Stadium mit Abl\u00f6sung des Knorpels entdeckt werden, ist die operative Therapie indiziert. \u00dcber eine Gelenkspiegelung (Arthroskopie) wird der Zustand des betroffenen Knorpelareals beurteilt und befundabh\u00e4ngig eine retrograde (von au\u00dferhalb des Gelenkes) Anbohrung der darunter liegenden gesch\u00e4digten Knochenanteile durchgef\u00fchrt. Durch die Bohrl\u00f6cher k\u00f6nnen Stammzellen und Wachstumsfaktoren in den abgestorbenen Knochenbereich eindringen und diesen wieder aufbauen. Bei gesch\u00e4digter Knorpelschicht stehen verschiedene M\u00f6glichkeiten der Knorpeltherapie von einer Knorpelgl\u00e4ttung, Refixierung des Fragmentes bis zur Knorpel-Knochen- oder Knorpelzelltransplantation zur Verf\u00fcgung.<\/p>\n<h3><strong>Nachbehandlung nach operativer Therapie der Osteochondrosis dissecans<\/strong><\/h3>\n<p>Nach der Operation sind Krankengymnastik mit fr\u00fchfunktioneller Mobilisation im schmerzfreien Bereich, entz\u00fcndungshemmende und schmerzstillende Medikamente und K\u00fchlung von gro\u00dfem Nutzen. Der Aufbau von Knorpelersatzgewebe und Zelltransplantaten ben\u00f6tigt eine Schonungsphase von mehreren Wochen Dauer, in denen langsam zunehmende Belastungsstimuli auf das Ellenbogengelenk erfolgen.<\/p>\n","protected":false},"excerpt":{"rendered":"<p>Bei der Osteochondrosis dissecans handelt es sich um eine umschriebene Knochenl\u00e4sion direkt unterhalb des Gelenkknorpels des \u00e4u\u00dferen Oberarmknochens des Ellenbogengelenkes (Capitulum humeri). Am Ende dieser in Stadien ablaufenden Erkrankung kann es zu einer Herausl\u00f6sung des gesamten Knorpel-Knochen-Fragmentes kommen. Betroffen sind haupts\u00e4chlich aktive Kinder und Jugendliche. Bei noch nicht g\u00e4nzlich gekl\u00e4rter \u00c4tiologie gelten mechanische Faktoren wie &hellip; <\/p>\n<p class=\"link-more\"><a href=\"https:\/\/sporttrauma-koeln.de\/en\/leistungsbereiche\/ellenbogen\/osteochondrosis-dissecans\/\" class=\"more-link\">Continue reading<span class=\"screen-reader-text\"> &#8220;Osteochondrosis dissecans&#8221;<\/span><\/a><\/p>\n","protected":false},"author":2,"featured_media":695,"parent":20,"menu_order":28,"comment_status":"closed","ping_status":"closed","template":"","meta":{"_acf_changed":false,"footnotes":""},"class_list":["post-316","page","type-page","status-publish","has-post-thumbnail","hentry"],"translation":{"provider":"WPGlobus","version":"3.0.0","language":"en","enabled_languages":["de","en"],"languages":{"de":{"title":true,"content":true,"excerpt":false},"en":{"title":true,"content":true,"excerpt":false}}},"acf":[],"_links":{"self":[{"href":"https:\/\/sporttrauma-koeln.de\/en\/wp-json\/wp\/v2\/pages\/316","targetHints":{"allow":["GET"]}}],"collection":[{"href":"https:\/\/sporttrauma-koeln.de\/en\/wp-json\/wp\/v2\/pages"}],"about":[{"href":"https:\/\/sporttrauma-koeln.de\/en\/wp-json\/wp\/v2\/types\/page"}],"author":[{"embeddable":true,"href":"https:\/\/sporttrauma-koeln.de\/en\/wp-json\/wp\/v2\/users\/2"}],"replies":[{"embeddable":true,"href":"https:\/\/sporttrauma-koeln.de\/en\/wp-json\/wp\/v2\/comments?post=316"}],"version-history":[{"count":4,"href":"https:\/\/sporttrauma-koeln.de\/en\/wp-json\/wp\/v2\/pages\/316\/revisions"}],"predecessor-version":[{"id":774,"href":"https:\/\/sporttrauma-koeln.de\/en\/wp-json\/wp\/v2\/pages\/316\/revisions\/774"}],"up":[{"embeddable":true,"href":"https:\/\/sporttrauma-koeln.de\/en\/wp-json\/wp\/v2\/pages\/20"}],"wp:featuredmedia":[{"embeddable":true,"href":"https:\/\/sporttrauma-koeln.de\/en\/wp-json\/wp\/v2\/media\/695"}],"wp:attachment":[{"href":"https:\/\/sporttrauma-koeln.de\/en\/wp-json\/wp\/v2\/media?parent=316"}],"curies":[{"name":"wp","href":"https:\/\/api.w.org\/{rel}","templated":true}]}}