{"id":312,"date":"2017-10-26T15:51:09","date_gmt":"2017-10-26T13:51:09","guid":{"rendered":"http:\/\/new.sporttrauma-koeln.de\/?page_id=312"},"modified":"2017-11-08T11:48:58","modified_gmt":"2017-11-08T10:48:58","slug":"golferellenbogen","status":"publish","type":"page","link":"https:\/\/sporttrauma-koeln.de\/en\/leistungsbereiche\/ellenbogen\/golferellenbogen\/","title":{"rendered":"Golferellenbogen (Epikondylitis humeri ulnaris)"},"content":{"rendered":"<p>Der \u201eGolfer- oder Werferellenbogen\u201c ist eine Ansatzentz\u00fcndung der langen Hand- und Fingerbeugemuskeln an der Innenseite des Ellenbogens. Urs\u00e4chlich sind hierf\u00fcr meist hohe oder ungewohnte Belastungen wie sie beim Sport auftreten k\u00f6nnen, aber auch monotone Alltagsbewegungen. Dabei entstehen kleinste Einrisse in den Sehnenans\u00e4tzen, die sich bei fortbestehender Reizung zunehmend entz\u00fcnden. Im Gegensatz zum Tennisellenbogen sind diese Ansatzentz\u00fcndungen nur sehr selten Folge einer Erkrankung oder Instabilit\u00e4t des Ellenbogengelenkes.<\/p>\n<h3>Typische Beschwerden bei einem Golferellenbogen<\/h3>\n<p>Ein Patient mit Golferellenbogen berichtet typischerweise \u00fcber allm\u00e4hlich zunehmende Schmerzen an der Innenseite des Ellenbogens. Insbesondere das Beugen von Hand und Fingern gegen Widerstand sowie der Faustschluss werden als unangenehm empfunden. Manche Patienten beschreiben bei ausgepr\u00e4gter Symptomatik ein Schw\u00e4chegef\u00fchl der Hand, so dass Gegenst\u00e4nde nicht festgehalten werden k\u00f6nnen und zu Boden fallen.<\/p>\n<h3>Konservative Therapie des Golferellenbogens<\/h3>\n<p>Der Golferellenbogen wird in der Regel konservativ behandelt. Durch kurzzeitige Ruhe des betroffenen Armes und entz\u00fcndungshemmende Medikamente wird der Schmerz in der Akutphase gelindert. In der Folge stehen zur Behandlung des Golferellenbogens eine Vielzahl krankengymnastischer und physikalischer Therapiem\u00f6glichkeiten wie Querfriktionen, exzentrisches Training, Iontophorese, Sto\u00dfwellentherapie, Ultraschall, Kinesiotaping und eine Bandagenversorgung zur Verf\u00fcgung. Es gilt zu beachten, dass der Sehnenstoffwechsel sehr langsam ist und somit Heilungszeiten von \u00fcber 12 bis 16 Wochen die Regel sind.<\/p>\n<h3>Operative Therapie des Golferellenbogens<\/h3>\n<p>Die operative Therapie des Golferellenbogens ist erst nach Aussch\u00f6pfung s\u00e4mtlicher konservativer Therapieans\u00e4tze vorgesehen. Dabei wird \u00fcber einen kleinen Hautschnitt an der Innenseite des Ellenbogens das chronisch entz\u00fcndete Gewebe entfernt und die Unterarmbeugemuskulatur am Oberarmknochen reinseriert.<\/p>\n<h3>Nachbehandlung nach operativer Therapie des Golferellenbogens<\/h3>\n<p>Die Nachbehandlung nach operativer Therapie des Golferellenbogens beinhaltet die fr\u00fchfunktionelle Mobilisation im schmerzfreien Bereich unter physiotherapeutischer Anleitung. Die Belastung des betroffenen Armes wird f\u00fcr ca. 6-8 Wochen reduziert.<\/p>\n","protected":false},"excerpt":{"rendered":"<p>Der \u201eGolfer- oder Werferellenbogen\u201c ist eine Ansatzentz\u00fcndung der langen Hand- und Fingerbeugemuskeln an der Innenseite des Ellenbogens. Urs\u00e4chlich sind hierf\u00fcr meist hohe oder ungewohnte Belastungen wie sie beim Sport auftreten k\u00f6nnen, aber auch monotone Alltagsbewegungen. Dabei entstehen kleinste Einrisse in den Sehnenans\u00e4tzen, die sich bei fortbestehender Reizung zunehmend entz\u00fcnden. Im Gegensatz zum Tennisellenbogen sind diese &hellip; <\/p>\n<p class=\"link-more\"><a href=\"https:\/\/sporttrauma-koeln.de\/en\/leistungsbereiche\/ellenbogen\/golferellenbogen\/\" class=\"more-link\">Continue reading<span class=\"screen-reader-text\"> &#8220;Golferellenbogen (Epikondylitis humeri ulnaris)&#8221;<\/span><\/a><\/p>\n","protected":false},"author":2,"featured_media":695,"parent":20,"menu_order":26,"comment_status":"closed","ping_status":"closed","template":"","meta":{"_acf_changed":false,"footnotes":""},"class_list":["post-312","page","type-page","status-publish","has-post-thumbnail","hentry"],"translation":{"provider":"WPGlobus","version":"3.0.0","language":"en","enabled_languages":["de","en"],"languages":{"de":{"title":true,"content":true,"excerpt":false},"en":{"title":true,"content":true,"excerpt":false}}},"acf":[],"_links":{"self":[{"href":"https:\/\/sporttrauma-koeln.de\/en\/wp-json\/wp\/v2\/pages\/312","targetHints":{"allow":["GET"]}}],"collection":[{"href":"https:\/\/sporttrauma-koeln.de\/en\/wp-json\/wp\/v2\/pages"}],"about":[{"href":"https:\/\/sporttrauma-koeln.de\/en\/wp-json\/wp\/v2\/types\/page"}],"author":[{"embeddable":true,"href":"https:\/\/sporttrauma-koeln.de\/en\/wp-json\/wp\/v2\/users\/2"}],"replies":[{"embeddable":true,"href":"https:\/\/sporttrauma-koeln.de\/en\/wp-json\/wp\/v2\/comments?post=312"}],"version-history":[{"count":5,"href":"https:\/\/sporttrauma-koeln.de\/en\/wp-json\/wp\/v2\/pages\/312\/revisions"}],"predecessor-version":[{"id":772,"href":"https:\/\/sporttrauma-koeln.de\/en\/wp-json\/wp\/v2\/pages\/312\/revisions\/772"}],"up":[{"embeddable":true,"href":"https:\/\/sporttrauma-koeln.de\/en\/wp-json\/wp\/v2\/pages\/20"}],"wp:featuredmedia":[{"embeddable":true,"href":"https:\/\/sporttrauma-koeln.de\/en\/wp-json\/wp\/v2\/media\/695"}],"wp:attachment":[{"href":"https:\/\/sporttrauma-koeln.de\/en\/wp-json\/wp\/v2\/media?parent=312"}],"curies":[{"name":"wp","href":"https:\/\/api.w.org\/{rel}","templated":true}]}}