{"id":308,"date":"2017-10-26T15:50:11","date_gmt":"2017-10-26T13:50:11","guid":{"rendered":"http:\/\/new.sporttrauma-koeln.de\/?page_id=308"},"modified":"2017-11-08T11:46:31","modified_gmt":"2017-11-08T10:46:31","slug":"achillessehnenriss","status":"publish","type":"page","link":"https:\/\/sporttrauma-koeln.de\/en\/leistungsbereiche\/sprunggelenk\/achillessehnenriss\/","title":{"rendered":"Achillessehnenrisse"},"content":{"rendered":"<p>Erkrankungen der Achillessehne betreffen sehr h\u00e4ufig aktive Sportler. H\u00e4ufige Ursachen sind \u00dcberlastungen, Verletzungen und muskul\u00e4re Dysbalancen. Dies kann insbesondere bei Ausdauersportlern unbehandelt zu hartn\u00e4ckigen Schmerzen (Achillodynie) f\u00fchren. In den meisten F\u00e4llen f\u00fchrt eine konservative Behandlung mit Dehn\u00fcbungen und lokalen Ma\u00dfnahmen zu einer deutlichen Besserung. So lange das Sehnengewebe intakt ist, sind operative Eingriffe nur sehr selten notwendig.<\/p>\n<p>Durch ein Trauma oder auf dem Boden von Verschlei\u00dfprozessen kann es jedoch auch zu einem vollst\u00e4ndigen Riss der Achillessehne kommen.<\/p>\n<h3>Typische Beschwerden bei Achillessehnenrissen<\/h3>\n<p>Typischerweise beschreiben die Patienten ein Trauma (wie z.B. ein Treten in ein Loch) oder eine pl\u00f6tzliche Belastung, begleitet von einem h\u00f6r- bzw. sp\u00fcrbaren Knall. Dem folgen dann ein schmerzhafter Kraftverlust beim Zehenstand, Schmerzen und Schwellung bzw. Bluterguss. In den meisten F\u00e4llen ist eine Delle im Verlauf der Achillessehne tastbar. Der Arzt kann mit spezifischen Tests in der klinischen Untersuchung und dem Ultraschall einen eventuellen Achillessehnenriss best\u00e4tigen.<\/p>\n<h3>Kann man Achillessehnenrisse konservativ behandeln?<\/h3>\n<p>In vielen F\u00e4llen f\u00fchrt sogar bei einem vollst\u00e4ndigen Riss der Sehne die konservative Therapie zum Erfolg. Voraussetzung sind eine fr\u00fchzeitige Behandlung und ein guter Kontakt der gerissenen Sehnenenden im Ultraschall. In der Regel wird dann ein spezieller Stiefel (\u00e4hnlich wie ein Skistiefel) verordnet der den Fu\u00df mehrere Wochen in einer Spitzfu\u00dfstellung ruhigstellt. So kann die Sehne wieder zusammenwachsen, was in Ultraschalluntersuchungen \u00fcberpr\u00fcft werden sollte.<\/p>\n<h3>Operationsm\u00f6glichkeiten bei Achillessehnenrissen<\/h3>\n<p>Bei Patienten mit sehr hohem sportlichen Anspruch bzw. bei fehlender Ann\u00e4herung der Sehnenenden im Ultraschall, ist die operative Therapie zu bevorzugen. Hierbei stehen verschiedene offene und minimalinvasive Techniken zur Verf\u00fcgung, um die Sehne wieder zu vern\u00e4hen. Im Anschluss ist ebenfalls eine Ruhigstellung in einem speziellen Stiefel in Spitzfu\u00dfstellung \u00fcber mehrere Wochen notwendig.<\/p>\n<h3>Nachbehandlung nach erfolgter Operation bei Achillessehnenrissen<\/h3>\n<p>Nach einer Operation sind Krankengymnastik mit fr\u00fchfunktioneller Mobilisation und entz\u00fcndungshemmende und schmerzstillende Medikamente sinnvoll. In der Regel ist nach einigen Tagen im Spezialschuh eine Vollbelastung m\u00f6glich. Im Verlauf wird innerhalb der ersten 6 Wochen in der Regel die Spitzfu\u00dfstellung nach und nach reduziert bis ab der 7. Woche eine Vollbelastung auch in normalen Schuhen (ggf. mit Fersenerh\u00f6hung) wieder m\u00f6glich ist. Dem schlie\u00dfen sich dann meistens ein funktionelles Training und ein Muskelaufbau an. Nach ca. 3 Monaten ist die Sportf\u00e4higkeit dann h\u00e4ufig wieder gegeben, bis zur vollen sportlichen Belastbarkeit dauert es jedoch h\u00e4ufig ein halbes Jahr.<\/p>\n","protected":false},"excerpt":{"rendered":"<p>Erkrankungen der Achillessehne betreffen sehr h\u00e4ufig aktive Sportler. H\u00e4ufige Ursachen sind \u00dcberlastungen, Verletzungen und muskul\u00e4re Dysbalancen. Dies kann insbesondere bei Ausdauersportlern unbehandelt zu hartn\u00e4ckigen Schmerzen (Achillodynie) f\u00fchren. In den meisten F\u00e4llen f\u00fchrt eine konservative Behandlung mit Dehn\u00fcbungen und lokalen Ma\u00dfnahmen zu einer deutlichen Besserung. So lange das Sehnengewebe intakt ist, sind operative Eingriffe nur sehr &hellip; <\/p>\n<p class=\"link-more\"><a href=\"https:\/\/sporttrauma-koeln.de\/en\/leistungsbereiche\/sprunggelenk\/achillessehnenriss\/\" class=\"more-link\">Continue reading<span class=\"screen-reader-text\"> &#8220;Achillessehnenrisse&#8221;<\/span><\/a><\/p>\n","protected":false},"author":2,"featured_media":689,"parent":18,"menu_order":35,"comment_status":"closed","ping_status":"closed","template":"","meta":{"_acf_changed":false,"footnotes":""},"class_list":["post-308","page","type-page","status-publish","has-post-thumbnail","hentry"],"translation":{"provider":"WPGlobus","version":"3.0.0","language":"en","enabled_languages":["de","en"],"languages":{"de":{"title":true,"content":true,"excerpt":false},"en":{"title":true,"content":true,"excerpt":false}}},"acf":[],"_links":{"self":[{"href":"https:\/\/sporttrauma-koeln.de\/en\/wp-json\/wp\/v2\/pages\/308","targetHints":{"allow":["GET"]}}],"collection":[{"href":"https:\/\/sporttrauma-koeln.de\/en\/wp-json\/wp\/v2\/pages"}],"about":[{"href":"https:\/\/sporttrauma-koeln.de\/en\/wp-json\/wp\/v2\/types\/page"}],"author":[{"embeddable":true,"href":"https:\/\/sporttrauma-koeln.de\/en\/wp-json\/wp\/v2\/users\/2"}],"replies":[{"embeddable":true,"href":"https:\/\/sporttrauma-koeln.de\/en\/wp-json\/wp\/v2\/comments?post=308"}],"version-history":[{"count":3,"href":"https:\/\/sporttrauma-koeln.de\/en\/wp-json\/wp\/v2\/pages\/308\/revisions"}],"predecessor-version":[{"id":770,"href":"https:\/\/sporttrauma-koeln.de\/en\/wp-json\/wp\/v2\/pages\/308\/revisions\/770"}],"up":[{"embeddable":true,"href":"https:\/\/sporttrauma-koeln.de\/en\/wp-json\/wp\/v2\/pages\/18"}],"wp:featuredmedia":[{"embeddable":true,"href":"https:\/\/sporttrauma-koeln.de\/en\/wp-json\/wp\/v2\/media\/689"}],"wp:attachment":[{"href":"https:\/\/sporttrauma-koeln.de\/en\/wp-json\/wp\/v2\/media?parent=308"}],"curies":[{"name":"wp","href":"https:\/\/api.w.org\/{rel}","templated":true}]}}