{"id":287,"date":"2017-10-26T15:31:21","date_gmt":"2017-10-26T13:31:21","guid":{"rendered":"http:\/\/new.sporttrauma-koeln.de\/?page_id=287"},"modified":"2017-11-08T11:36:42","modified_gmt":"2017-11-08T10:36:42","slug":"schultereckgelenkssprengung","status":"publish","type":"page","link":"https:\/\/sporttrauma-koeln.de\/en\/leistungsbereiche\/schulter\/schultereckgelenkssprengung\/","title":{"rendered":"Schultereckgelenkssprengung"},"content":{"rendered":"<p>Das Schultereckgelenk ist die Verbindung zwischen Schulterdach und Schl\u00fcsselbein. Das sogenannte Akromioklaviculargelenk (ACG-Gelenk) wird durch kr\u00e4ftige Kapselbandstrukturen stabilisiert. Bei einem Sturz direkt auf die Schulter (z.B. Sturz von einem Rad oder Snowboard) kann es in unterschiedlichem Schweregrad zu einer Verletzung dieser Kapselbandstrukturen kommen. Das Schl\u00fcsselbein (Clavikula) ist dann gegen\u00fcber dem Schulterdach (Akromion) h\u00f6her gewandert. Oft kann man das auch deutlich von au\u00dfen sehen. Wenn man auf das hochstehende Ende des Schl\u00fcsselbeines dr\u00fcckt, bewegt sich dieses nach unten wie eine Klaviertaste. Deswegen nennt man dieses Ph\u00e4nomen auch \u201eKlaviertastenzeichen\u201c. B\u00e4nder, die zwischen dem Rabenschnabelfortsatz (Processus coracoideus) und dem Schl\u00fcsselbein (Clavikula) verlaufen, sind dann oft komplett gerissen (Coraco-clavikul\u00e4re B\u00e4nder). Was von au\u00dfen oft nach einer dramatischen Verletzung aussieht, ist jedoch f\u00fcr die Funktion der Schulter gar nicht so schlimm. Der Schweregrad der Verletzung wird nach Rockwood (amerikanischer Schulterchirurg) I-VI eingeteilt.<\/p>\n<h3>Konservative Therapie einer Schultereckgelenksprengung<\/h3>\n<p>Die meisten Schulterverletzungen dieser Art k\u00f6nnen ohne Operation behandelt werden. Eine Ruhigstellung in einer Bandage ist nicht notwendig. Vielmehr ist eine krankengymnastische Be\u00fcbung der verletzten Schulter sinnvoll, um eine Schonhaltung zu vermeiden. Ansonsten kann eine symptomatische Therapie erfolgen: entz\u00fcndungshemmende Medikamente (nichtsteroidales Antiphlogistikum) und Eis.<\/p>\n<h3>Schulteroperation nach Eckgelenksprengung<\/h3>\n<p>Wenn sich f\u00fcr eine operative Therapie entschieden wird, sollte diese so schnell wie m\u00f6glich erfolgen, damit die gerissenen Kapselbandstrukturen in der Schulter verheilen k\u00f6nnen. Diese Schulteroperation wird heute arthroskopisch kontrolliert durchgef\u00fchrt. Es werden dabei sehr stabile F\u00e4den mit kleinen Metallpl\u00e4ttchen an den jeweiligen Enden zwischen Rabenschnabelfortsatz und Schl\u00fcsselbein eingebracht. Diese wirken als tempor\u00e4re Platzhalter bis die B\u00e4nder wieder verheilt sind. Wenn man sich erst nach einigen Wochen f\u00fcr eine operative Therapie entscheidet, k\u00f6nnen die gerissenen B\u00e4nder auch durch tempor\u00e4re Platzhalter nicht mehr verheilen. Die B\u00e4nder m\u00fcssen jetzt durch andere k\u00f6rpereigene B\u00e4nder ersetzt werden. Diese \u201eErsatzb\u00e4nder\u201c k\u00f6nnen die Beugesehnen des Kniegelenkes (Semitendinosussehne) sein. Diese B\u00e4nder haben sich auch schon bei dem vorderen Kreuzbandersatz am Kniegelenk seit vielen Jahren bew\u00e4hrt. Zus\u00e4tzlich wird ein Teil des Schl\u00fcsselbeines (laterales Clavikulaende) entfernt, um eine schmerzhafte Schultereckgelenksarthrose zu verhindern. (OP nach Weaver und Dunn).<\/p>\n<h3>Weitere Behandlung nach einer Operation am Schultereckgelenk<\/h3>\n<p>Die Schulter wird ca. 3 Wochen in einer Bandage (Gilchristverband) ruhiggestellt. Bis 3 Monate nach der Operation sollten \u00dcberkopft\u00e4tigkeiten mit Gewichtsbelastung vermieden werden. Krankengymnastik mit fr\u00fchfunktioneller Mobilisation, nichtsteroidales Antiphlogistikum, Eis.<\/p>\n<h3>Sie haben Schmerzen in der Schulter und w\u00fcnschen einen Behandlungstermin oder weitergehende Informationen zu diesem Thema? Nehmen Sie jetzt Kontakt mit uns auf!<\/h3>\n\n<div class=\"wpcf7 no-js\" id=\"wpcf7-f119-o1\" lang=\"en-GB\" dir=\"ltr\" data-wpcf7-id=\"119\">\n<div class=\"screen-reader-response\"><p role=\"status\" aria-live=\"polite\" aria-atomic=\"true\"><\/p> <ul><\/ul><\/div>\n<form action=\"\/en\/wp-json\/wp\/v2\/pages\/287#wpcf7-f119-o1\" method=\"post\" class=\"wpcf7-form init\" aria-label=\"Contact form\" novalidate=\"novalidate\" data-status=\"init\">\n<div style=\"display: none;\">\n<input type=\"hidden\" name=\"_wpcf7\" value=\"119\" \/>\n<input type=\"hidden\" name=\"_wpcf7_version\" value=\"6.0.6\" \/>\n<input type=\"hidden\" name=\"_wpcf7_locale\" value=\"en_GB\" \/>\n<input type=\"hidden\" name=\"_wpcf7_unit_tag\" value=\"wpcf7-f119-o1\" \/>\n<input type=\"hidden\" name=\"_wpcf7_container_post\" value=\"0\" \/>\n<input type=\"hidden\" name=\"_wpcf7_posted_data_hash\" value=\"\" \/>\n<input type=\"hidden\" name=\"_wpcf7cf_hidden_group_fields\" value=\"[]\" \/>\n<input type=\"hidden\" name=\"_wpcf7cf_hidden_groups\" value=\"[]\" \/>\n<input type=\"hidden\" name=\"_wpcf7cf_visible_groups\" value=\"[]\" \/>\n<input type=\"hidden\" name=\"_wpcf7cf_repeaters\" value=\"[]\" \/>\n<input type=\"hidden\" name=\"_wpcf7cf_steps\" value=\"{}\" \/>\n<input type=\"hidden\" name=\"_wpcf7cf_options\" value=\"{&quot;form_id&quot;:119,&quot;conditions&quot;:[],&quot;settings&quot;:{&quot;animation&quot;:&quot;yes&quot;,&quot;animation_intime&quot;:200,&quot;animation_outtime&quot;:200,&quot;conditions_ui&quot;:&quot;normal&quot;,&quot;notice_dismissed&quot;:false}}\" \/>\n<\/div>\n<h3 style=\"padding-top:20px;\">Kontaktformular\n<\/h3>\n<div class=\"form-block\">\n\t<p><span id=\"wpcf7-69ecfa701c858-wrapper\" class=\"wpcf7-form-control-wrap Vorname-wrap\" style=\"display:none !important; visibility:hidden !important;\"><input type=\"hidden\" name=\"Vorname-time-start\" value=\"1777138288\"><input type=\"hidden\" name=\"Vorname-time-check\" value=\"5\"><label for=\"wpcf7-69ecfa701c858-field\" class=\"hp-message\">Please leave this field empty.<\/label><input id=\"wpcf7-69ecfa701c858-field\"  class=\"wpcf7-form-control wpcf7-text\" type=\"text\" name=\"Vorname\" value=\"\" size=\"40\" tabindex=\"-1\" autocomplete=\"new-password\" \/><\/span>\n\t<\/p>\n\t<div class=\"field-label\">\n\t\t<p>Beschreibung Ihrer Beschwerden und zus\u00e4tzliche Anmerkungen: <i>(Pflichtfeld)<\/i>\n\t\t<\/p>\n\t<\/div>\n\t<p><span class=\"wpcf7-form-control-wrap\" data-name=\"textarea\"><textarea cols=\"40\" rows=\"10\" maxlength=\"2000\" class=\"wpcf7-form-control wpcf7-textarea wpcf7-validates-as-required\" aria-required=\"true\" aria-invalid=\"false\" name=\"textarea\"><\/textarea><\/span>\n\t<\/p>\n<\/div>\n<div class=\"form-block\">\n\t<div class=\"left\">\n\t\t<div class=\"field-label\">\n\t\t\t<p>Vorliegende Unterlagen:\n\t\t\t<\/p>\n\t\t<\/div>\n\t\t<p><span class=\"wpcf7-form-control-wrap\" data-name=\"unterlagen\"><span class=\"wpcf7-form-control wpcf7-checkbox\"><span class=\"wpcf7-list-item first\"><label><input type=\"checkbox\" name=\"unterlagen[]\" value=\"Kernspintomographiebilder\" \/><span class=\"wpcf7-list-item-label\">Kernspintomographiebilder<\/span><\/label><\/span><span class=\"wpcf7-list-item\"><label><input type=\"checkbox\" name=\"unterlagen[]\" value=\"R\u00f6ntgenbilder\" \/><span class=\"wpcf7-list-item-label\">R\u00f6ntgenbilder<\/span><\/label><\/span><span class=\"wpcf7-list-item last\"><label><input type=\"checkbox\" name=\"unterlagen[]\" value=\"Computertomographiebilder\" \/><span class=\"wpcf7-list-item-label\">Computertomographiebilder<\/span><\/label><\/span><\/span><\/span>\n\t\t<\/p>\n\t<\/div>\n\t<div class=\"right\">\n\t\t<div class=\"field-label\">\n\t\t\t<p>Sind Sie bereits Patient bei uns?*\n\t\t\t<\/p>\n\t\t<\/div>\n\t\t<p><span class=\"wpcf7-form-control-wrap\" data-name=\"radio-199\"><span class=\"wpcf7-form-control wpcf7-radio\"><span class=\"wpcf7-list-item first\"><label><input type=\"radio\" name=\"radio-199\" value=\"ja\" checked=\"checked\" \/><span class=\"wpcf7-list-item-label\">ja<\/span><\/label><\/span><span class=\"wpcf7-list-item last\"><label><input type=\"radio\" name=\"radio-199\" value=\"nein\" \/><span class=\"wpcf7-list-item-label\">nein<\/span><\/label><\/span><\/span><\/span>\n\t\t<\/p>\n\t<\/div>\n<\/div>\n<div class=\"form-block\">\n\t<div class=\"field-label\">\n\t\t<p>Weitere Informationen\n\t\t<\/p>\n\t<\/div>\n\t<p><span class=\"wpcf7-form-control-wrap\" data-name=\"informationen\"><span class=\"wpcf7-form-control wpcf7-checkbox\"><span class=\"wpcf7-list-item first\"><label><input type=\"checkbox\" name=\"informationen[]\" value=\"Ich war bez\u00fcglich meiner Beschwerden bereits bei einem Arzt\" \/><span class=\"wpcf7-list-item-label\">Ich war bez\u00fcglich meiner Beschwerden bereits bei einem Arzt<\/span><\/label><\/span><span class=\"wpcf7-list-item last\"><label><input type=\"checkbox\" name=\"informationen[]\" value=\"Es handelt sich um einen Arbeits- oder Dienstunfall (berufsgenossenschaftlich)\" \/><span class=\"wpcf7-list-item-label\">Es handelt sich um einen Arbeits- oder Dienstunfall (berufsgenossenschaftlich)<\/span><\/label><\/span><\/span><\/span>\n\t<\/p>\n<\/div>\n<div class=\"form-block\">\n\t<div class=\"field-label\">\n\t\t<p>Sie haben eine \u00dcberweisung von:\n\t\t<\/p>\n\t<\/div>\n\t<p><span class=\"wpcf7-form-control-wrap\" data-name=\"uberweisung\"><input size=\"40\" maxlength=\"400\" class=\"wpcf7-form-control wpcf7-text\" aria-invalid=\"false\" value=\"\" type=\"text\" name=\"uberweisung\" \/><\/span>\n\t<\/p>\n<\/div>\n<h3 class=\"form-inner-title\">KONTAKTDATEN\n<\/h3>\n<div class=\"form-block\">\n\t<div class=\"field-label\">\n\t\t<p>Anrede:\n\t\t<\/p>\n\t<\/div>\n\t<p><span class=\"wpcf7-form-control-wrap\" data-name=\"anrede\"><span class=\"wpcf7-form-control wpcf7-radio\"><span class=\"wpcf7-list-item first\"><label><input type=\"radio\" name=\"anrede\" value=\"Herr\" \/><span class=\"wpcf7-list-item-label\">Herr<\/span><\/label><\/span><span class=\"wpcf7-list-item last\"><label><input type=\"radio\" name=\"anrede\" value=\"Frau\" \/><span class=\"wpcf7-list-item-label\">Frau<\/span><\/label><\/span><\/span><\/span>\n\t<\/p>\n<\/div>\n<div class=\"form-block\">\n\t<div class=\"left\">\n\t\t<div class=\"field-label\">\n\t\t\t<p>Vorname\n\t\t\t<\/p>\n\t\t<\/div>\n\t\t<p><span class=\"wpcf7-form-control-wrap\" data-name=\"vorname\"><input size=\"40\" maxlength=\"400\" class=\"wpcf7-form-control wpcf7-text\" aria-invalid=\"false\" value=\"\" type=\"text\" name=\"vorname\" \/><\/span>\n\t\t<\/p>\n\t<\/div>\n\t<div class=\"right\">\n\t\t<div class=\"field-label\">\n\t\t\t<p>Nachname*\n\t\t\t<\/p>\n\t\t<\/div>\n\t\t<p><span class=\"wpcf7-form-control-wrap\" data-name=\"nachname\"><input size=\"40\" maxlength=\"400\" class=\"wpcf7-form-control wpcf7-text wpcf7-validates-as-required\" aria-required=\"true\" aria-invalid=\"false\" value=\"\" type=\"text\" name=\"nachname\" \/><\/span>\n\t\t<\/p>\n\t<\/div>\n<\/div>\n<div class=\"form-block\">\n\t<div class=\"left\">\n\t\t<div class=\"field-label\">\n\t\t\t<p>Stra\u00dfe und Hausnummer\n\t\t\t<\/p>\n\t\t<\/div>\n\t\t<p><span class=\"wpcf7-form-control-wrap\" data-name=\"strasse\"><input size=\"40\" maxlength=\"400\" class=\"wpcf7-form-control wpcf7-text\" aria-invalid=\"false\" value=\"\" type=\"text\" name=\"strasse\" \/><\/span>\n\t\t<\/p>\n\t<\/div>\n\t<div class=\"right\">\n\t\t<div class=\"field-label\">\n\t\t\t<p>PLZ\/Ort\n\t\t\t<\/p>\n\t\t<\/div>\n\t\t<p><span class=\"wpcf7-form-control-wrap\" data-name=\"plz\"><input size=\"40\" maxlength=\"400\" class=\"wpcf7-form-control wpcf7-text\" aria-invalid=\"false\" value=\"\" type=\"text\" name=\"plz\" \/><\/span>\n\t\t<\/p>\n\t<\/div>\n<\/div>\n<div class=\"form-block\">\n\t<div class=\"left\">\n\t\t<div class=\"field-label\">\n\t\t\t<p>Telefon*\n\t\t\t<\/p>\n\t\t<\/div>\n\t\t<p><span class=\"wpcf7-form-control-wrap\" data-name=\"telefon\"><input size=\"40\" maxlength=\"400\" class=\"wpcf7-form-control wpcf7-tel wpcf7-validates-as-required wpcf7-text wpcf7-validates-as-tel\" aria-required=\"true\" aria-invalid=\"false\" value=\"\" type=\"tel\" name=\"telefon\" \/><\/span>\n\t\t<\/p>\n\t<\/div>\n\t<div class=\"right\">\n\t\t<div class=\"field-label\">\n\t\t\t<p>E-Mail*\n\t\t\t<\/p>\n\t\t<\/div>\n\t\t<p><span class=\"wpcf7-form-control-wrap\" data-name=\"email\"><input size=\"40\" maxlength=\"400\" class=\"wpcf7-form-control wpcf7-email wpcf7-validates-as-required wpcf7-text wpcf7-validates-as-email\" aria-required=\"true\" aria-invalid=\"false\" value=\"\" type=\"email\" name=\"email\" \/><\/span>\n\t\t<\/p>\n\t<\/div>\n<\/div>\n<div class=\"form-block\">\n\t<div class=\"field-label\">\n\t\t<p>Wie sind Sie versichert?\n\t\t<\/p>\n\t<\/div>\n\t<p><span class=\"wpcf7-form-control-wrap\" data-name=\"versicherung\"><span class=\"wpcf7-form-control wpcf7-radio lined-checkbox\"><span class=\"wpcf7-list-item first\"><input type=\"radio\" name=\"versicherung\" value=\"Gesetzlich\" \/><span class=\"wpcf7-list-item-label\">Gesetzlich<\/span><\/span><span class=\"wpcf7-list-item\"><input type=\"radio\" name=\"versicherung\" value=\"Privat\" \/><span class=\"wpcf7-list-item-label\">Privat<\/span><\/span><span class=\"wpcf7-list-item last\"><input type=\"radio\" name=\"versicherung\" value=\"Selbstzahler\" \/><span class=\"wpcf7-list-item-label\">Selbstzahler<\/span><\/span><\/span><\/span><br \/>\n<span id=\"wpcf7-69ecfa701cd1e-wrapper\" class=\"wpcf7-form-control-wrap website-wrap\" style=\"display:none !important; visibility:hidden !important;\"><input type=\"hidden\" name=\"website-time-start\" value=\"1777138288\"><input type=\"hidden\" name=\"website-time-check\" value=\"5\"><label for=\"wpcf7-69ecfa701cd1e-field\" class=\"hp-message\">Please leave this field empty.<\/label><input id=\"wpcf7-69ecfa701cd1e-field\"  class=\"wpcf7-form-control wpcf7-text\" type=\"text\" name=\"website\" value=\"\" size=\"40\" tabindex=\"-1\" autocomplete=\"new-password\" \/><\/span>\n\t<\/p>\n<\/div>\n<p>Wir verarbeiten Ihre personenbezogene Daten grunds\u00e4tzlich nur, soweit dies zur Kontaktaufnahme und Terminierung n\u00f6tig ist. Bitte beachten Sie unsere <a href=\"\/datenschutz\">Datenschutzbestimmungen<\/a>. Mit dem Absenden des Kontaktformulars stimmen Sie diesen zu.\n<\/p>\n<div class=\"form-block\">\n\t<p><span class=\"wpcf7-form-control-wrap\" data-name=\"datenschutz\"><span class=\"wpcf7-form-control wpcf7-checkbox wpcf7-validates-as-required\"><span class=\"wpcf7-list-item first last\"><label><input type=\"checkbox\" name=\"datenschutz[]\" value=\"Ich habe die Informationen zum Datenschutz auf dieser Seite gelesen\" \/><span class=\"wpcf7-list-item-label\">Ich habe die Informationen zum Datenschutz auf dieser Seite gelesen<\/span><\/label><\/span><\/span><\/span>\n\t<\/p>\n<\/div>\n<p><span id=\"wpcf7-69ecfa701cd88-wrapper\" class=\"wpcf7-form-control-wrap privacy-check-wrap\" style=\"display:none !important; visibility:hidden !important;\"><input type=\"hidden\" name=\"privacy-check-time-start\" value=\"1777138288\"><input type=\"hidden\" name=\"privacy-check-time-check\" value=\"5\"><label for=\"wpcf7-69ecfa701cd88-field\" class=\"hp-message\">Please leave this field empty.<\/label><input id=\"wpcf7-69ecfa701cd88-field\"  class=\"wpcf7-form-control wpcf7-text\" type=\"text\" name=\"privacy-check\" value=\"\" size=\"40\" tabindex=\"-1\" autocomplete=\"new-password\" \/><\/span><br \/>\n<div class=\"cf7-cf-turnstile\" style=\"margin-top: 0px; margin-bottom: -15px;\"> <div id=\"cf-turnstile-cf7-2708193572\" class=\"cf-turnstile\" data-callback=\"turnstileCF7Callback\" data-sitekey=\"0x4AAAAAABT5auO85DYRol5o\" data-theme=\"light\" data-language=\"auto\" data-size=\"normal\" data-retry=\"auto\" data-retry-interval=\"1000\" data-action=\"contact-form-7\" data-appearance=\"always\"><\/div> <style>.wpcf7-submit { pointer-events: none; opacity: 0.5; }<\/style> <script>document.addEventListener(\"DOMContentLoaded\", function() { setTimeout(function(){ var e=document.getElementById(\"cf-turnstile-cf7-2708193572\"); e&&!e.innerHTML.trim()&&(turnstile.remove(\"#cf-turnstile-cf7-2708193572\"), turnstile.render(\"#cf-turnstile-cf7-2708193572\", {sitekey:\"0x4AAAAAABT5auO85DYRol5o\"})); }, 0); });<\/script> <br class=\"cf-turnstile-br cf-turnstile-br-cf7-2708193572\"> <style>#cf-turnstile-cf7-2708193572 { margin-left: -15px; }<\/style> <script>document.addEventListener(\"DOMContentLoaded\",function(){document.querySelectorAll('.wpcf7-form').forEach(function(e){e.addEventListener('submit',function(){if(document.getElementById('cf-turnstile-cf7-2708193572')){setTimeout(function(){turnstile.reset('#cf-turnstile-cf7-2708193572');},1000)}})})});<\/script> <\/div><br\/><input class=\"wpcf7-form-control wpcf7-submit has-spinner button\" type=\"submit\" value=\"Kontaktformular abschicken\" \/>\n<\/p><div class=\"wpcf7-response-output\" aria-hidden=\"true\"><\/div>\n<\/form>\n<\/div>\n\n","protected":false},"excerpt":{"rendered":"<p>Das Schultereckgelenk ist die Verbindung zwischen Schulterdach und Schl\u00fcsselbein. Das sogenannte Akromioklaviculargelenk (ACG-Gelenk) wird durch kr\u00e4ftige Kapselbandstrukturen stabilisiert. Bei einem Sturz direkt auf die Schulter (z.B. Sturz von einem Rad oder Snowboard) kann es in unterschiedlichem Schweregrad zu einer Verletzung dieser Kapselbandstrukturen kommen. Das Schl\u00fcsselbein (Clavikula) ist dann gegen\u00fcber dem Schulterdach (Akromion) h\u00f6her gewandert. Oft &hellip; <\/p>\n<p class=\"link-more\"><a href=\"https:\/\/sporttrauma-koeln.de\/en\/leistungsbereiche\/schulter\/schultereckgelenkssprengung\/\" class=\"more-link\">Continue reading<span class=\"screen-reader-text\"> &#8220;Schultereckgelenkssprengung&#8221;<\/span><\/a><\/p>\n","protected":false},"author":2,"featured_media":688,"parent":16,"menu_order":49,"comment_status":"closed","ping_status":"closed","template":"","meta":{"_acf_changed":false,"footnotes":""},"class_list":["post-287","page","type-page","status-publish","has-post-thumbnail","hentry"],"translation":{"provider":"WPGlobus","version":"3.0.0","language":"en","enabled_languages":["de","en"],"languages":{"de":{"title":true,"content":true,"excerpt":false},"en":{"title":true,"content":true,"excerpt":false}}},"acf":[],"_links":{"self":[{"href":"https:\/\/sporttrauma-koeln.de\/en\/wp-json\/wp\/v2\/pages\/287","targetHints":{"allow":["GET"]}}],"collection":[{"href":"https:\/\/sporttrauma-koeln.de\/en\/wp-json\/wp\/v2\/pages"}],"about":[{"href":"https:\/\/sporttrauma-koeln.de\/en\/wp-json\/wp\/v2\/types\/page"}],"author":[{"embeddable":true,"href":"https:\/\/sporttrauma-koeln.de\/en\/wp-json\/wp\/v2\/users\/2"}],"replies":[{"embeddable":true,"href":"https:\/\/sporttrauma-koeln.de\/en\/wp-json\/wp\/v2\/comments?post=287"}],"version-history":[{"count":3,"href":"https:\/\/sporttrauma-koeln.de\/en\/wp-json\/wp\/v2\/pages\/287\/revisions"}],"predecessor-version":[{"id":473,"href":"https:\/\/sporttrauma-koeln.de\/en\/wp-json\/wp\/v2\/pages\/287\/revisions\/473"}],"up":[{"embeddable":true,"href":"https:\/\/sporttrauma-koeln.de\/en\/wp-json\/wp\/v2\/pages\/16"}],"wp:featuredmedia":[{"embeddable":true,"href":"https:\/\/sporttrauma-koeln.de\/en\/wp-json\/wp\/v2\/media\/688"}],"wp:attachment":[{"href":"https:\/\/sporttrauma-koeln.de\/en\/wp-json\/wp\/v2\/media?parent=287"}],"curies":[{"name":"wp","href":"https:\/\/api.w.org\/{rel}","templated":true}]}}