{"id":279,"date":"2017-10-26T15:29:15","date_gmt":"2017-10-26T13:29:15","guid":{"rendered":"http:\/\/new.sporttrauma-koeln.de\/?page_id=279"},"modified":"2017-11-08T11:34:02","modified_gmt":"2017-11-08T10:34:02","slug":"rotatorenmanschettenriss","status":"publish","type":"page","link":"https:\/\/sporttrauma-koeln.de\/en\/leistungsbereiche\/schulter\/rotatorenmanschettenriss\/","title":{"rendered":"Rotatorenmanschettenriss"},"content":{"rendered":"<p>Die Rotatorenmanschette im Schulterbereich ist eine Muskelsehnenplatte, die wie eine Badekappe den Humeruskopf bedeckt. Diese Sehnen haben Bereiche, die schlecht durchblutet sind. Mit zunehmenden Alter wird das Gewebe an diesen Bereichen schw\u00e4cher. Wenn dann noch Zug und Scherkr\u00e4fte auf diesen geschw\u00e4chte Bereich einwirken, kann es zum Nachgeben dieser Strukturen kommen. Es kann dann zu einem Einriss dieser Muskelsehnenplatte kommen (s.g. Rotatorenmanschettenruptur). Leider geschieht das manchmal ohne dass man ein bestimmtes Ereignis daf\u00fcr verantwortlich machen kann und sehr h\u00e4ufig auch vollkommen schmerzfrei. Im weiteren Verlauf entwickelt sich eine merkliche Kraftminderung, insbesondere wenn Gegenst\u00e4nde fern vom K\u00f6rper gehalten werden (Halten einer Kaffeekanne etc). Warum einige Patienten mit einer Rotatorenmanschettenruptur nahezu keine Schmerzen haben und andere wiederum sehr starke Schmerzen versp\u00fcren, ist letztlich nicht ganz gekl\u00e4rt.<\/p>\n<h3>Konservative Therapie bei einer Rotatorenmanschettenruptur<\/h3>\n<p>Leider gibt es keine Spontanheilung nach einem Sehnenriss, sodass die konservative Therapie rein symptomatisch ist und die Mehrheit der Patienten im Verlaufe der Zeit auch unter konservativer Therapie eine zunehmende Schmerz- und Funktionseinschr\u00e4nkung erfahren. Wichtig ist ein fr\u00fchzeitiges Erkennen der Ruptur durch eine klinische Untersuchung bei einem Facharzt, der dann eine MRT-Bildgebung veranlassen sollte. Mit dieser Bildgebung sollte man sich relativ z\u00fcgig bei einem Schulterspezialisten vorstellen.<\/p>\n<h3>Schulteroperation nach einem Riss der Rotatorenmanschetten<\/h3>\n<p>Therapie der Wahl ist die Rotatorenmanschettennaht. Dieser Eingriff im Bereich der Schulter kann arthroskopisch durchgef\u00fchrt werden. Es werden kleine Nahtanker in den kn\u00f6chernen Sehnenansatz eingebracht und dessen Fadenpaare mit Spezialinstrumenten durch den Sehnenrand durchgef\u00fchrt und anschlie\u00dfend verknotet. Diese Operation an der Schulter kann ambulant oder station\u00e4r (2-3 N\u00e4chte) durchgef\u00fchrt werden.<\/p>\n<h3>Was geschieht nach einer solchen Schulteroperation?<\/h3>\n<p>Nach einer Rotatorenmanschettennaht muss die operierte Schulter 6 Wochen ruhiggestellt werden. Dazu wird nach der Operation ein s.g. Gilchristverband angelegt. Dieser Verband kann zum An- und Auskleiden und zur K\u00f6rperhygiene abgenommen werden, ansonsten sollte er tags\u00fcber und insbesondere nachts angelegt bleiben. Zus\u00e4tzlich wird der Verband noch zur krankengymnastischen Therapie abgelegt. Zweimal pro Woche sollten Sie eine Physiotherapiepraxis aufsuchen. Damit der operierte Arm nach der Operation schnell abschwillt, wird eine Lymphdrainage (eine Form der Gewebemassage, bei der die Lymphe wieder in ihre Bahnen zur\u00fcck geleitet wird) verordnet. Wir empfehlen zus\u00e4tzlich die Einnahme eines nichtsteroidalen Antiphlogistikums sowie weiterer Schmerzmittel bei Bedarf, welche Ihnen nach der Operation mitgegeben werden.<\/p>\n<h3>Sie haben Schmerzen in der Schulter und w\u00fcnschen einen Behandlungstermin oder weitergehende Informationen zu diesem Thema? Nehmen Sie jetzt Kontakt mit uns auf!<\/h3>\n\n<div class=\"wpcf7 no-js\" id=\"wpcf7-f119-o1\" lang=\"en-GB\" dir=\"ltr\" data-wpcf7-id=\"119\">\n<div class=\"screen-reader-response\"><p role=\"status\" aria-live=\"polite\" aria-atomic=\"true\"><\/p> <ul><\/ul><\/div>\n<form action=\"\/en\/wp-json\/wp\/v2\/pages\/279#wpcf7-f119-o1\" method=\"post\" class=\"wpcf7-form init\" aria-label=\"Contact form\" novalidate=\"novalidate\" data-status=\"init\">\n<div style=\"display: none;\">\n<input type=\"hidden\" name=\"_wpcf7\" value=\"119\" \/>\n<input type=\"hidden\" name=\"_wpcf7_version\" value=\"6.0.6\" \/>\n<input type=\"hidden\" name=\"_wpcf7_locale\" value=\"en_GB\" \/>\n<input type=\"hidden\" name=\"_wpcf7_unit_tag\" value=\"wpcf7-f119-o1\" \/>\n<input type=\"hidden\" name=\"_wpcf7_container_post\" value=\"0\" \/>\n<input type=\"hidden\" name=\"_wpcf7_posted_data_hash\" value=\"\" \/>\n<input type=\"hidden\" name=\"_wpcf7cf_hidden_group_fields\" value=\"[]\" \/>\n<input type=\"hidden\" name=\"_wpcf7cf_hidden_groups\" value=\"[]\" \/>\n<input type=\"hidden\" name=\"_wpcf7cf_visible_groups\" value=\"[]\" \/>\n<input type=\"hidden\" name=\"_wpcf7cf_repeaters\" value=\"[]\" \/>\n<input type=\"hidden\" name=\"_wpcf7cf_steps\" value=\"{}\" \/>\n<input type=\"hidden\" name=\"_wpcf7cf_options\" value=\"{&quot;form_id&quot;:119,&quot;conditions&quot;:[],&quot;settings&quot;:{&quot;animation&quot;:&quot;yes&quot;,&quot;animation_intime&quot;:200,&quot;animation_outtime&quot;:200,&quot;conditions_ui&quot;:&quot;normal&quot;,&quot;notice_dismissed&quot;:false}}\" \/>\n<\/div>\n<h3 style=\"padding-top:20px;\">Kontaktformular\n<\/h3>\n<div class=\"form-block\">\n\t<p><span id=\"wpcf7-69e11bcde7380-wrapper\" class=\"wpcf7-form-control-wrap Vorname-wrap\" style=\"display:none !important; visibility:hidden !important;\"><input type=\"hidden\" name=\"Vorname-time-start\" value=\"1776360397\"><input type=\"hidden\" name=\"Vorname-time-check\" value=\"5\"><label for=\"wpcf7-69e11bcde7380-field\" class=\"hp-message\">Please leave this field empty.<\/label><input id=\"wpcf7-69e11bcde7380-field\"  class=\"wpcf7-form-control wpcf7-text\" type=\"text\" name=\"Vorname\" value=\"\" size=\"40\" tabindex=\"-1\" autocomplete=\"new-password\" \/><\/span>\n\t<\/p>\n\t<div class=\"field-label\">\n\t\t<p>Beschreibung Ihrer Beschwerden und zus\u00e4tzliche Anmerkungen: <i>(Pflichtfeld)<\/i>\n\t\t<\/p>\n\t<\/div>\n\t<p><span class=\"wpcf7-form-control-wrap\" data-name=\"textarea\"><textarea cols=\"40\" rows=\"10\" maxlength=\"2000\" class=\"wpcf7-form-control wpcf7-textarea wpcf7-validates-as-required\" aria-required=\"true\" aria-invalid=\"false\" name=\"textarea\"><\/textarea><\/span>\n\t<\/p>\n<\/div>\n<div class=\"form-block\">\n\t<div class=\"left\">\n\t\t<div class=\"field-label\">\n\t\t\t<p>Vorliegende Unterlagen:\n\t\t\t<\/p>\n\t\t<\/div>\n\t\t<p><span class=\"wpcf7-form-control-wrap\" data-name=\"unterlagen\"><span class=\"wpcf7-form-control wpcf7-checkbox\"><span class=\"wpcf7-list-item first\"><label><input type=\"checkbox\" name=\"unterlagen[]\" value=\"Kernspintomographiebilder\" \/><span class=\"wpcf7-list-item-label\">Kernspintomographiebilder<\/span><\/label><\/span><span class=\"wpcf7-list-item\"><label><input type=\"checkbox\" name=\"unterlagen[]\" value=\"R\u00f6ntgenbilder\" \/><span class=\"wpcf7-list-item-label\">R\u00f6ntgenbilder<\/span><\/label><\/span><span class=\"wpcf7-list-item last\"><label><input type=\"checkbox\" name=\"unterlagen[]\" value=\"Computertomographiebilder\" \/><span class=\"wpcf7-list-item-label\">Computertomographiebilder<\/span><\/label><\/span><\/span><\/span>\n\t\t<\/p>\n\t<\/div>\n\t<div class=\"right\">\n\t\t<div class=\"field-label\">\n\t\t\t<p>Sind Sie bereits Patient bei uns?*\n\t\t\t<\/p>\n\t\t<\/div>\n\t\t<p><span class=\"wpcf7-form-control-wrap\" data-name=\"radio-199\"><span class=\"wpcf7-form-control wpcf7-radio\"><span class=\"wpcf7-list-item first\"><label><input type=\"radio\" name=\"radio-199\" value=\"ja\" checked=\"checked\" \/><span class=\"wpcf7-list-item-label\">ja<\/span><\/label><\/span><span class=\"wpcf7-list-item last\"><label><input type=\"radio\" name=\"radio-199\" value=\"nein\" \/><span class=\"wpcf7-list-item-label\">nein<\/span><\/label><\/span><\/span><\/span>\n\t\t<\/p>\n\t<\/div>\n<\/div>\n<div class=\"form-block\">\n\t<div class=\"field-label\">\n\t\t<p>Weitere Informationen\n\t\t<\/p>\n\t<\/div>\n\t<p><span class=\"wpcf7-form-control-wrap\" data-name=\"informationen\"><span class=\"wpcf7-form-control wpcf7-checkbox\"><span class=\"wpcf7-list-item first\"><label><input type=\"checkbox\" name=\"informationen[]\" value=\"Ich war bez\u00fcglich meiner Beschwerden bereits bei einem Arzt\" \/><span class=\"wpcf7-list-item-label\">Ich war bez\u00fcglich meiner Beschwerden bereits bei einem Arzt<\/span><\/label><\/span><span class=\"wpcf7-list-item last\"><label><input type=\"checkbox\" name=\"informationen[]\" value=\"Es handelt sich um einen Arbeits- oder Dienstunfall (berufsgenossenschaftlich)\" \/><span class=\"wpcf7-list-item-label\">Es handelt sich um einen Arbeits- oder Dienstunfall (berufsgenossenschaftlich)<\/span><\/label><\/span><\/span><\/span>\n\t<\/p>\n<\/div>\n<div class=\"form-block\">\n\t<div class=\"field-label\">\n\t\t<p>Sie haben eine \u00dcberweisung von:\n\t\t<\/p>\n\t<\/div>\n\t<p><span class=\"wpcf7-form-control-wrap\" data-name=\"uberweisung\"><input size=\"40\" maxlength=\"400\" class=\"wpcf7-form-control wpcf7-text\" aria-invalid=\"false\" value=\"\" type=\"text\" name=\"uberweisung\" \/><\/span>\n\t<\/p>\n<\/div>\n<h3 class=\"form-inner-title\">KONTAKTDATEN\n<\/h3>\n<div class=\"form-block\">\n\t<div class=\"field-label\">\n\t\t<p>Anrede:\n\t\t<\/p>\n\t<\/div>\n\t<p><span class=\"wpcf7-form-control-wrap\" data-name=\"anrede\"><span class=\"wpcf7-form-control wpcf7-radio\"><span class=\"wpcf7-list-item first\"><label><input type=\"radio\" name=\"anrede\" value=\"Herr\" \/><span class=\"wpcf7-list-item-label\">Herr<\/span><\/label><\/span><span class=\"wpcf7-list-item last\"><label><input type=\"radio\" name=\"anrede\" value=\"Frau\" \/><span class=\"wpcf7-list-item-label\">Frau<\/span><\/label><\/span><\/span><\/span>\n\t<\/p>\n<\/div>\n<div class=\"form-block\">\n\t<div class=\"left\">\n\t\t<div class=\"field-label\">\n\t\t\t<p>Vorname\n\t\t\t<\/p>\n\t\t<\/div>\n\t\t<p><span class=\"wpcf7-form-control-wrap\" data-name=\"vorname\"><input size=\"40\" maxlength=\"400\" class=\"wpcf7-form-control wpcf7-text\" aria-invalid=\"false\" value=\"\" type=\"text\" name=\"vorname\" \/><\/span>\n\t\t<\/p>\n\t<\/div>\n\t<div class=\"right\">\n\t\t<div class=\"field-label\">\n\t\t\t<p>Nachname*\n\t\t\t<\/p>\n\t\t<\/div>\n\t\t<p><span class=\"wpcf7-form-control-wrap\" data-name=\"nachname\"><input size=\"40\" maxlength=\"400\" class=\"wpcf7-form-control wpcf7-text wpcf7-validates-as-required\" aria-required=\"true\" aria-invalid=\"false\" value=\"\" type=\"text\" name=\"nachname\" \/><\/span>\n\t\t<\/p>\n\t<\/div>\n<\/div>\n<div class=\"form-block\">\n\t<div class=\"left\">\n\t\t<div class=\"field-label\">\n\t\t\t<p>Stra\u00dfe und Hausnummer\n\t\t\t<\/p>\n\t\t<\/div>\n\t\t<p><span class=\"wpcf7-form-control-wrap\" data-name=\"strasse\"><input size=\"40\" maxlength=\"400\" class=\"wpcf7-form-control wpcf7-text\" aria-invalid=\"false\" value=\"\" type=\"text\" name=\"strasse\" \/><\/span>\n\t\t<\/p>\n\t<\/div>\n\t<div class=\"right\">\n\t\t<div class=\"field-label\">\n\t\t\t<p>PLZ\/Ort\n\t\t\t<\/p>\n\t\t<\/div>\n\t\t<p><span class=\"wpcf7-form-control-wrap\" data-name=\"plz\"><input size=\"40\" maxlength=\"400\" class=\"wpcf7-form-control wpcf7-text\" aria-invalid=\"false\" value=\"\" type=\"text\" name=\"plz\" \/><\/span>\n\t\t<\/p>\n\t<\/div>\n<\/div>\n<div class=\"form-block\">\n\t<div class=\"left\">\n\t\t<div class=\"field-label\">\n\t\t\t<p>Telefon*\n\t\t\t<\/p>\n\t\t<\/div>\n\t\t<p><span class=\"wpcf7-form-control-wrap\" data-name=\"telefon\"><input size=\"40\" maxlength=\"400\" class=\"wpcf7-form-control wpcf7-tel wpcf7-validates-as-required wpcf7-text wpcf7-validates-as-tel\" aria-required=\"true\" aria-invalid=\"false\" value=\"\" type=\"tel\" name=\"telefon\" \/><\/span>\n\t\t<\/p>\n\t<\/div>\n\t<div class=\"right\">\n\t\t<div class=\"field-label\">\n\t\t\t<p>E-Mail*\n\t\t\t<\/p>\n\t\t<\/div>\n\t\t<p><span class=\"wpcf7-form-control-wrap\" data-name=\"email\"><input size=\"40\" maxlength=\"400\" class=\"wpcf7-form-control wpcf7-email wpcf7-validates-as-required wpcf7-text wpcf7-validates-as-email\" aria-required=\"true\" aria-invalid=\"false\" value=\"\" type=\"email\" name=\"email\" \/><\/span>\n\t\t<\/p>\n\t<\/div>\n<\/div>\n<div class=\"form-block\">\n\t<div class=\"field-label\">\n\t\t<p>Wie sind Sie versichert?\n\t\t<\/p>\n\t<\/div>\n\t<p><span class=\"wpcf7-form-control-wrap\" data-name=\"versicherung\"><span class=\"wpcf7-form-control wpcf7-radio lined-checkbox\"><span class=\"wpcf7-list-item first\"><input type=\"radio\" name=\"versicherung\" value=\"Gesetzlich\" \/><span class=\"wpcf7-list-item-label\">Gesetzlich<\/span><\/span><span class=\"wpcf7-list-item\"><input type=\"radio\" name=\"versicherung\" value=\"Privat\" \/><span class=\"wpcf7-list-item-label\">Privat<\/span><\/span><span class=\"wpcf7-list-item last\"><input type=\"radio\" name=\"versicherung\" value=\"Selbstzahler\" \/><span class=\"wpcf7-list-item-label\">Selbstzahler<\/span><\/span><\/span><\/span><br \/>\n<span id=\"wpcf7-69e11bcde796c-wrapper\" class=\"wpcf7-form-control-wrap website-wrap\" style=\"display:none !important; visibility:hidden !important;\"><input type=\"hidden\" name=\"website-time-start\" value=\"1776360397\"><input type=\"hidden\" name=\"website-time-check\" value=\"5\"><label for=\"wpcf7-69e11bcde796c-field\" class=\"hp-message\">Please leave this field empty.<\/label><input id=\"wpcf7-69e11bcde796c-field\"  class=\"wpcf7-form-control wpcf7-text\" type=\"text\" name=\"website\" value=\"\" size=\"40\" tabindex=\"-1\" autocomplete=\"new-password\" \/><\/span>\n\t<\/p>\n<\/div>\n<p>Wir verarbeiten Ihre personenbezogene Daten grunds\u00e4tzlich nur, soweit dies zur Kontaktaufnahme und Terminierung n\u00f6tig ist. Bitte beachten Sie unsere <a href=\"\/datenschutz\">Datenschutzbestimmungen<\/a>. Mit dem Absenden des Kontaktformulars stimmen Sie diesen zu.\n<\/p>\n<div class=\"form-block\">\n\t<p><span class=\"wpcf7-form-control-wrap\" data-name=\"datenschutz\"><span class=\"wpcf7-form-control wpcf7-checkbox wpcf7-validates-as-required\"><span class=\"wpcf7-list-item first last\"><label><input type=\"checkbox\" name=\"datenschutz[]\" value=\"Ich habe die Informationen zum Datenschutz auf dieser Seite gelesen\" \/><span class=\"wpcf7-list-item-label\">Ich habe die Informationen zum Datenschutz auf dieser Seite gelesen<\/span><\/label><\/span><\/span><\/span>\n\t<\/p>\n<\/div>\n<p><span id=\"wpcf7-69e11bcde7a12-wrapper\" class=\"wpcf7-form-control-wrap privacy-check-wrap\" style=\"display:none !important; visibility:hidden !important;\"><input type=\"hidden\" name=\"privacy-check-time-start\" value=\"1776360397\"><input type=\"hidden\" name=\"privacy-check-time-check\" value=\"5\"><label for=\"wpcf7-69e11bcde7a12-field\" class=\"hp-message\">Please leave this field empty.<\/label><input id=\"wpcf7-69e11bcde7a12-field\"  class=\"wpcf7-form-control wpcf7-text\" type=\"text\" name=\"privacy-check\" value=\"\" size=\"40\" tabindex=\"-1\" autocomplete=\"new-password\" \/><\/span><br \/>\n<div class=\"cf7-cf-turnstile\" style=\"margin-top: 0px; margin-bottom: -15px;\"> <div id=\"cf-turnstile-cf7-3714579715\" class=\"cf-turnstile\" data-callback=\"turnstileCF7Callback\" data-sitekey=\"0x4AAAAAABT5auO85DYRol5o\" data-theme=\"light\" data-language=\"auto\" data-size=\"normal\" data-retry=\"auto\" data-retry-interval=\"1000\" data-action=\"contact-form-7\" data-appearance=\"always\"><\/div> <style>.wpcf7-submit { pointer-events: none; opacity: 0.5; }<\/style> <script>document.addEventListener(\"DOMContentLoaded\", function() { setTimeout(function(){ var e=document.getElementById(\"cf-turnstile-cf7-3714579715\"); e&&!e.innerHTML.trim()&&(turnstile.remove(\"#cf-turnstile-cf7-3714579715\"), turnstile.render(\"#cf-turnstile-cf7-3714579715\", {sitekey:\"0x4AAAAAABT5auO85DYRol5o\"})); }, 0); });<\/script> <br class=\"cf-turnstile-br cf-turnstile-br-cf7-3714579715\"> <style>#cf-turnstile-cf7-3714579715 { margin-left: -15px; }<\/style> <script>document.addEventListener(\"DOMContentLoaded\",function(){document.querySelectorAll('.wpcf7-form').forEach(function(e){e.addEventListener('submit',function(){if(document.getElementById('cf-turnstile-cf7-3714579715')){setTimeout(function(){turnstile.reset('#cf-turnstile-cf7-3714579715');},1000)}})})});<\/script> <\/div><br\/><input class=\"wpcf7-form-control wpcf7-submit has-spinner button\" type=\"submit\" value=\"Kontaktformular abschicken\" \/>\n<\/p><div class=\"wpcf7-response-output\" aria-hidden=\"true\"><\/div>\n<\/form>\n<\/div>\n\n","protected":false},"excerpt":{"rendered":"<p>Die Rotatorenmanschette im Schulterbereich ist eine Muskelsehnenplatte, die wie eine Badekappe den Humeruskopf bedeckt. Diese Sehnen haben Bereiche, die schlecht durchblutet sind. Mit zunehmenden Alter wird das Gewebe an diesen Bereichen schw\u00e4cher. Wenn dann noch Zug und Scherkr\u00e4fte auf diesen geschw\u00e4chte Bereich einwirken, kann es zum Nachgeben dieser Strukturen kommen. Es kann dann zu einem &hellip; <\/p>\n<p class=\"link-more\"><a href=\"https:\/\/sporttrauma-koeln.de\/en\/leistungsbereiche\/schulter\/rotatorenmanschettenriss\/\" class=\"more-link\">Continue reading<span class=\"screen-reader-text\"> &#8220;Rotatorenmanschettenriss&#8221;<\/span><\/a><\/p>\n","protected":false},"author":2,"featured_media":688,"parent":16,"menu_order":42,"comment_status":"closed","ping_status":"closed","template":"","meta":{"_acf_changed":false,"footnotes":""},"class_list":["post-279","page","type-page","status-publish","has-post-thumbnail","hentry"],"translation":{"provider":"WPGlobus","version":"3.0.0","language":"en","enabled_languages":["de","en"],"languages":{"de":{"title":true,"content":true,"excerpt":false},"en":{"title":true,"content":true,"excerpt":false}}},"acf":[],"_links":{"self":[{"href":"https:\/\/sporttrauma-koeln.de\/en\/wp-json\/wp\/v2\/pages\/279","targetHints":{"allow":["GET"]}}],"collection":[{"href":"https:\/\/sporttrauma-koeln.de\/en\/wp-json\/wp\/v2\/pages"}],"about":[{"href":"https:\/\/sporttrauma-koeln.de\/en\/wp-json\/wp\/v2\/types\/page"}],"author":[{"embeddable":true,"href":"https:\/\/sporttrauma-koeln.de\/en\/wp-json\/wp\/v2\/users\/2"}],"replies":[{"embeddable":true,"href":"https:\/\/sporttrauma-koeln.de\/en\/wp-json\/wp\/v2\/comments?post=279"}],"version-history":[{"count":7,"href":"https:\/\/sporttrauma-koeln.de\/en\/wp-json\/wp\/v2\/pages\/279\/revisions"}],"predecessor-version":[{"id":759,"href":"https:\/\/sporttrauma-koeln.de\/en\/wp-json\/wp\/v2\/pages\/279\/revisions\/759"}],"up":[{"embeddable":true,"href":"https:\/\/sporttrauma-koeln.de\/en\/wp-json\/wp\/v2\/pages\/16"}],"wp:featuredmedia":[{"embeddable":true,"href":"https:\/\/sporttrauma-koeln.de\/en\/wp-json\/wp\/v2\/media\/688"}],"wp:attachment":[{"href":"https:\/\/sporttrauma-koeln.de\/en\/wp-json\/wp\/v2\/media?parent=279"}],"curies":[{"name":"wp","href":"https:\/\/api.w.org\/{rel}","templated":true}]}}