{"id":241,"date":"2017-10-26T14:54:11","date_gmt":"2017-10-26T12:54:11","guid":{"rendered":"http:\/\/new.sporttrauma-koeln.de\/?page_id=241"},"modified":"2026-01-26T21:40:58","modified_gmt":"2026-01-26T20:40:58","slug":"op-team","status":"publish","type":"page","link":"https:\/\/sporttrauma-koeln.de\/en\/sportsclinic\/team\/op-team\/","title":{"rendered":"Surgical Team"},"content":{"rendered":"<div class=\"flex-grid photo-grid\" style=\"justify-content: unset;\">\n<p><!-- Neues Item --><\/p>\n<div>\n<p><img loading=\"lazy\" decoding=\"async\" class=\"alignnone size-medium wp-image-896\" src=\"\/wp-content\/uploads\/2022\/08\/scc-team-niesen.jpg\" alt=\"\" width=\"240\" height=\"300\"><\/p>\n<h3>Steffi Niesen<\/h3>\n<\/div>\n<p><!-- Neues Item Ende--><\/p>\n<p><!-- Neues Item --><\/p>\n<div>\n<p><img loading=\"lazy\" decoding=\"async\" class=\"alignnone size-medium wp-image-896\" src=\"\/wp-content\/uploads\/2022\/08\/scc-team-rother.jpg\" alt=\"\" width=\"240\" height=\"300\"><\/p>\n<h3>Irmgard Rother<\/h3>\n<\/div>\n<p><!-- Neues Item Ende--><\/p>\n<\/div>\n<div class=\"flex-grid photo-grid\" style=\"justify-content: unset;\">\n<p><!-- Neues Item --><\/p>\n<p><!-- Neues Item --><\/p>\n<div>\n<p><img loading=\"lazy\" decoding=\"async\" class=\"alignnone size-medium wp-image-896\" src=\"\/wp-content\/uploads\/2022\/08\/scc-team-bueckle.jpg\" alt=\"\" width=\"240\" height=\"300\"><\/p>\n<h3>Deborah B\u00fcckle<\/h3>\n<\/div>\n<p><!-- Neues Item Ende--><\/p>\n<p><!-- Neues Item --><\/p>\n<div>\n<p><img loading=\"lazy\" decoding=\"async\" class=\"alignnone size-medium wp-image-896\" src=\"\/wp-content\/uploads\/2022\/08\/scc-team-hahne.jpg\" alt=\"\" width=\"240\" height=\"300\"><\/p>\n<h3>Anni Hahne<\/h3>\n<\/div>\n<p><!-- Neues Item Ende--><\/p>\n<p><!-- Neues Item --><\/p>\n<div>\n<p><img loading=\"lazy\" decoding=\"async\" class=\"alignnone size-medium wp-image-896\" src=\"\/wp-content\/uploads\/2022\/08\/scc-team-miebach.jpg\" alt=\"\" width=\"240\" height=\"300\"><\/p>\n<h3>Renata Miebach<\/h3>\n<\/div>\n<p><!-- Neues Item Ende--><\/p>\n<p><!-- Neues Item --><\/p>\n<div>\n<p><img loading=\"lazy\" decoding=\"async\" class=\"alignnone size-medium wp-image-896\" src=\"\/wp-content\/uploads\/2022\/08\/scc-team-schumann.jpg\" alt=\"\" width=\"240\" height=\"300\"><\/p>\n<h3>Silke Schumann<\/h3>\n<\/div>\n<p><!-- Neues Item Ende--><\/p>\n<p><!-- Neues Item --><\/p>\n<div>\n<p><img loading=\"lazy\" decoding=\"async\" class=\"alignnone size-medium wp-image-896\" src=\"\/wp-content\/uploads\/2022\/08\/scc-team-truebenbach.jpg\" alt=\"\" width=\"240\" height=\"300\"><\/p>\n<h3>Jutta Tr\u00fcbenbach<\/h3>\n<\/div>\n<p><!-- Neues Item Ende--><\/p>\n<p><!-- Neues Item --><\/p>\n<div>\n<p><img loading=\"lazy\" decoding=\"async\" class=\"alignnone size-medium wp-image-896\" src=\"\/wp-content\/uploads\/2022\/08\/scc-team-puetz.jpg\" alt=\"\" width=\"240\" height=\"300\"><\/p>\n<h3>Monika P\u00fctz<\/h3>\n<\/div>\n<p><!-- Neues Item Ende--><\/p>\n<p><!-- Neues Item --><\/p>\n<div>\n<p><img loading=\"lazy\" decoding=\"async\" class=\"alignnone size-medium wp-image-896\" src=\"\/wp-content\/uploads\/2022\/08\/scc-team-potzsch.jpg\" alt=\"\" width=\"240\" height=\"300\"><\/p>\n<h3>Maria P\u00f6tzsch<\/h3>\n<\/div>\n<p><!-- Neues Item Ende--><\/p>\n<p><!-- Neues Item --><\/p>\n<div>\n<p><img loading=\"lazy\" decoding=\"async\" class=\"alignnone size-medium wp-image-896\" src=\"\/wp-content\/uploads\/2018\/11\/team-platzhalter.jpg\" alt=\"\" width=\"240\" height=\"300\"><\/p>\n<h3>Antonia Bauer<\/h3>\n<\/div>\n<p><!-- Neues Item Ende--><\/p>\n<p><!-- Neues Item --><\/p>\n<div>\n<p><img loading=\"lazy\" decoding=\"async\" class=\"alignnone size-medium wp-image-896\" src=\"\/wp-content\/uploads\/2018\/11\/team-platzhalter.jpg\" alt=\"\" width=\"240\" height=\"300\"><\/p>\n<h3>Djendji Kr\u00fcger<\/h3>\n<\/div>\n<p><!-- Neues Item Ende--><\/p>\n<p><!-- Neues Item --><\/p>\n<div>\n<p><img loading=\"lazy\" decoding=\"async\" class=\"alignnone size-medium wp-image-896\" src=\"\/wp-content\/uploads\/2018\/11\/team-platzhalter.jpg\" alt=\"\" width=\"240\" height=\"300\"><\/p>\n<h3>Emma Jatschnik<\/h3>\n<\/div>\n<p><!-- Neues Item Ende--><\/p>\n","protected":false},"excerpt":{"rendered":"<p>Steffi Niesen Irmgard Rother Deborah B\u00fcckle Anni Hahne Renata Miebach Silke Schumann Jutta Tr\u00fcbenbach Monika P\u00fctz Maria P\u00f6tzsch Antonia Bauer Djendji Kr\u00fcger Emma Jatschnik<\/p>\n","protected":false},"author":2,"featured_media":0,"parent":238,"menu_order":6,"comment_status":"closed","ping_status":"closed","template":"","meta":{"_acf_changed":false,"footnotes":""},"class_list":["post-241","page","type-page","status-publish","hentry"],"translation":{"provider":"WPGlobus","version":"3.0.0","language":"en","enabled_languages":["de","en"],"languages":{"de":{"title":true,"content":true,"excerpt":false},"en":{"title":true,"content":true,"excerpt":false}}},"acf":[],"_links":{"self":[{"href":"https:\/\/sporttrauma-koeln.de\/en\/wp-json\/wp\/v2\/pages\/241","targetHints":{"allow":["GET"]}}],"collection":[{"href":"https:\/\/sporttrauma-koeln.de\/en\/wp-json\/wp\/v2\/pages"}],"about":[{"href":"https:\/\/sporttrauma-koeln.de\/en\/wp-json\/wp\/v2\/types\/page"}],"author":[{"embeddable":true,"href":"https:\/\/sporttrauma-koeln.de\/en\/wp-json\/wp\/v2\/users\/2"}],"replies":[{"embeddable":true,"href":"https:\/\/sporttrauma-koeln.de\/en\/wp-json\/wp\/v2\/comments?post=241"}],"version-history":[{"count":88,"href":"https:\/\/sporttrauma-koeln.de\/en\/wp-json\/wp\/v2\/pages\/241\/revisions"}],"predecessor-version":[{"id":3119,"href":"https:\/\/sporttrauma-koeln.de\/en\/wp-json\/wp\/v2\/pages\/241\/revisions\/3119"}],"up":[{"embeddable":true,"href":"https:\/\/sporttrauma-koeln.de\/en\/wp-json\/wp\/v2\/pages\/238"}],"wp:attachment":[{"href":"https:\/\/sporttrauma-koeln.de\/en\/wp-json\/wp\/v2\/media?parent=241"}],"curies":[{"name":"wp","href":"https:\/\/api.w.org\/{rel}","templated":true}]}}