{"id":235,"date":"2017-10-26T14:49:43","date_gmt":"2017-10-26T12:49:43","guid":{"rendered":"http:\/\/new.sporttrauma-koeln.de\/?page_id=235"},"modified":"2026-01-26T21:36:04","modified_gmt":"2026-01-26T20:36:04","slug":"aerztliche-mitarbeiter","status":"publish","type":"page","link":"https:\/\/sporttrauma-koeln.de\/en\/sportsclinic\/team\/aerztliche-mitarbeiter\/","title":{"rendered":"Medical Staff"},"content":{"rendered":"<p>Unsere leitenden \u00c4rzte werden dabei von qualifizierten \u00e4rztlichen Mitarbeitern unterst\u00fctzt:<\/p>\n<p><!-- Neuer Eintrag --><\/p>\n<section class=\"team-member-full\">\n<h3>Michael Wichmann<\/h3>\n<div class=\"flexcontainer\">\n<div class=\"flex-image\">\n<figure><img decoding=\"async\" src=\"\/wp-content\/uploads\/2018\/11\/team-wichmann.jpg\" alt=\"\" width=\"275\"  class=\"alignnone size-full wp-image-874\" \/><\/figure>\n<\/div>\n<div>\n<p style=\"font-weight:bold;color:#1b64a6;\">Facharzt f\u00fcr Orthop\u00e4die und Unfallchirurgie, Sportmedizin und Chirotherapie<\/p>\n<p><strong>Ausbildung<\/strong><\/p>\n<ul class=\"checkmark\">\n<li>Klink am Ring K\u00f6ln &#8211; Orthop\u00e4die<\/li>\n<li>Krankenhaus der Augustinerinnen K\u00f6ln<\/li>\n<li>Chirurgie Kreiskrankenhaus Mechernich \u2013 Orthop\u00e4die und Unfallchirurgie<\/li>\n<\/ul>\n<p><strong>T\u00e4tigkeitsschwerpunkt<\/strong><br \/>\nArthroskopische Eingriffe aller Gelenke, Endoprothetik<\/p>\n<p><strong>Sportliche Aktivit\u00e4ten<\/strong><br \/>\nHandball, Golf, Tennis<\/p>\n<\/div>\n<\/div>\n<\/section>\n<p><!-- Eintrag Ende --><\/p>\n<p><!-- Neuer Eintrag --><\/p>\n<section class=\"team-member-full\">\n<h3>Sandro Meider<\/h3>\n<div class=\"flexcontainer\">\n<div class=\"flex-image\">\n<figure><img decoding=\"async\" src=\"\/wp-content\/uploads\/2018\/11\/team-meider.jpg\" alt=\"\" width=\"275\"  class=\"alignnone size-full wp-image-874\" \/><\/figure>\n<\/div>\n<div>\n<p style=\"font-weight:bold;color:#1b64a6;\">Facharzt f\u00fcr Orthop\u00e4die und Unfallchirurgie<\/p>\n<p><strong>Ausbildung<\/strong><\/p>\n<ul class=\"checkmark\">\n<li>Klink am Ring K\u00f6ln &#8211; Orthop\u00e4die<\/li>\n<li>Marienkrankenhaus Bergisch Gladbach &#8211; Orthop\u00e4die und Unfallchirurgie<\/li>\n<li>Klinikum K\u00f6ln Merheim &#8211; Unfallchirurgie und Sporttraumatologie<\/li>\n<\/ul>\n<p><strong>T\u00e4tigkeitsschwerpunkt<\/strong><br \/>\nArthroskopische Eingriffe aller Gelenke<\/p>\n<p><strong>Sportliche Aktivit\u00e4ten<\/strong><br \/>\nTennis, Volleyball, Golf, Ski<\/p>\n<\/div>\n<\/div>\n<\/section>\n<p><!-- Eintrag Ende --><\/p>\n<p><!-- Neuer Eintrag --><\/p>\n<section class=\"team-member-full\">\n<h3>Iris P\u00fctz<\/h3>\n<div class=\"flexcontainer\">\n<div class=\"flex-image\">\n<figure><img decoding=\"async\" src=\"\/wp-content\/uploads\/2020\/01\/team-puetz2.jpg\" alt=\"\" width=\"275\"  class=\"alignnone size-full wp-image-874\" \/><\/figure>\n<\/div>\n<div>\n<p style=\"font-weight:bold;color:#1b64a6;\">Chirurgieassistentin<\/p>\n<\/div>\n<\/div>\n<\/section>\n<p><!-- Eintrag Ende --><\/p>\n<p><!-- Neuer Eintrag --><\/p>\n<section class=\"team-member-full\">\n<h3>Gina H\u00e4nsel<\/h3>\n<div class=\"flexcontainer\">\n<div class=\"flex-image\">\n<figure><img decoding=\"async\" src=\"\/wp-content\/uploads\/2018\/11\/team-platzhalter.jpg\" alt=\"\" width=\"275\"  class=\"alignnone size-full wp-image-874\" \/><\/figure>\n<\/div>\n<div>\n<p style=\"font-weight:bold;color:#1b64a6;\">Chirurgieassistentin<\/p>\n<\/div>\n<\/div>\n<\/section>\n<p><!-- Eintrag Ende --><\/p>\n<p><!-- Neuer Eintrag --><\/p>\n<section class=\"team-member-full\">\n<h3>Dale Swart<\/h3>\n<div class=\"flexcontainer\">\n<div class=\"flex-image\">\n<figure><img decoding=\"async\" src=\"\/wp-content\/uploads\/2018\/11\/team-platzhalter.jpg\" alt=\"\" width=\"275\"  class=\"alignnone size-full wp-image-874\" \/><\/figure>\n<\/div>\n<div>\n<p style=\"font-weight:bold;color:#1b64a6;\">Weiterbildungsassistent<\/p>\n<\/div>\n<\/div>\n<\/section>\n<p><!-- Eintrag Ende --><\/p>\n<p><!-- Neuer Eintrag --><\/p>\n<section class=\"team-member-full\">\n<h3>Dr. med. Oliver Tenfelde<\/h3>\n<div class=\"flexcontainer\">\n<div class=\"flex-image\">\n<figure><img decoding=\"async\" src=\"\/wp-content\/uploads\/2018\/11\/team-platzhalter.jpg\" alt=\"\" width=\"275\"  class=\"alignnone size-full wp-image-874\" \/><\/figure>\n<\/div>\n<div>\n<p style=\"font-weight:bold;color:#1b64a6;\">Weiterbildungsassistent<\/p>\n<ul class=\"checkmark\">\n<\/ul>\n<\/div>\n<\/div>\n<\/section>\n<p><!-- Eintrag Ende --><\/p>\n<p><!-- Neuer Eintrag --><\/p>\n<section class=\"team-member-full\">\n<h3>Ben Wagner<\/h3>\n<div class=\"flexcontainer\">\n<div class=\"flex-image\">\n<figure><img decoding=\"async\" src=\"\/wp-content\/uploads\/2018\/11\/team-platzhalter.jpg\" alt=\"\" width=\"275\"  class=\"alignnone size-full wp-image-874\" \/><\/figure>\n<\/div>\n<div>\n<p style=\"font-weight:bold;color:#1b64a6;\">Weiterbildungsassistent<\/p>\n<ul class=\"checkmark\">\n<\/ul>\n<\/div>\n<\/div>\n<\/section>\n<p><!-- Eintrag Ende --><\/p>\n","protected":false},"excerpt":{"rendered":"<p>Unsere leitenden \u00c4rzte werden dabei von qualifizierten \u00e4rztlichen Mitarbeitern unterst\u00fctzt: Michael Wichmann Facharzt f\u00fcr Orthop\u00e4die und Unfallchirurgie, Sportmedizin und Chirotherapie Ausbildung Klink am Ring K\u00f6ln &#8211; Orthop\u00e4die Krankenhaus der Augustinerinnen K\u00f6ln Chirurgie Kreiskrankenhaus Mechernich \u2013 Orthop\u00e4die und Unfallchirurgie T\u00e4tigkeitsschwerpunkt Arthroskopische Eingriffe aller Gelenke, Endoprothetik Sportliche Aktivit\u00e4ten Handball, Golf, Tennis Sandro Meider Facharzt f\u00fcr Orthop\u00e4die und &hellip; <\/p>\n<p class=\"link-more\"><a href=\"https:\/\/sporttrauma-koeln.de\/en\/sportsclinic\/team\/aerztliche-mitarbeiter\/\" class=\"more-link\">Continue reading<span class=\"screen-reader-text\"> &#8220;Medical Staff&#8221;<\/span><\/a><\/p>\n","protected":false},"author":2,"featured_media":0,"parent":238,"menu_order":4,"comment_status":"closed","ping_status":"closed","template":"","meta":{"_acf_changed":false,"footnotes":""},"class_list":["post-235","page","type-page","status-publish","hentry"],"translation":{"provider":"WPGlobus","version":"3.0.0","language":"en","enabled_languages":["de","en"],"languages":{"de":{"title":true,"content":true,"excerpt":false},"en":{"title":true,"content":true,"excerpt":false}}},"acf":[],"_links":{"self":[{"href":"https:\/\/sporttrauma-koeln.de\/en\/wp-json\/wp\/v2\/pages\/235","targetHints":{"allow":["GET"]}}],"collection":[{"href":"https:\/\/sporttrauma-koeln.de\/en\/wp-json\/wp\/v2\/pages"}],"about":[{"href":"https:\/\/sporttrauma-koeln.de\/en\/wp-json\/wp\/v2\/types\/page"}],"author":[{"embeddable":true,"href":"https:\/\/sporttrauma-koeln.de\/en\/wp-json\/wp\/v2\/users\/2"}],"replies":[{"embeddable":true,"href":"https:\/\/sporttrauma-koeln.de\/en\/wp-json\/wp\/v2\/comments?post=235"}],"version-history":[{"count":100,"href":"https:\/\/sporttrauma-koeln.de\/en\/wp-json\/wp\/v2\/pages\/235\/revisions"}],"predecessor-version":[{"id":3664,"href":"https:\/\/sporttrauma-koeln.de\/en\/wp-json\/wp\/v2\/pages\/235\/revisions\/3664"}],"up":[{"embeddable":true,"href":"https:\/\/sporttrauma-koeln.de\/en\/wp-json\/wp\/v2\/pages\/238"}],"wp:attachment":[{"href":"https:\/\/sporttrauma-koeln.de\/en\/wp-json\/wp\/v2\/media?parent=235"}],"curies":[{"name":"wp","href":"https:\/\/api.w.org\/{rel}","templated":true}]}}