{"id":14,"date":"2017-07-21T19:44:15","date_gmt":"2017-07-21T17:44:15","guid":{"rendered":"http:\/\/new.sporttrauma-koeln.de\/?page_id=14"},"modified":"2025-05-12T19:12:09","modified_gmt":"2025-05-12T17:12:09","slug":"knie","status":"publish","type":"page","link":"https:\/\/sporttrauma-koeln.de\/en\/leistungsbereiche\/knie\/","title":{"rendered":"Injuries at the Knee Joint"},"content":{"rendered":"<p>The knee joint is the biggest joint of the human body and indispensable for undisturbed movement. It represents the connection between lower thigh bone and thigh bone. Because of the long levers of the bones and the complex construction of the knee joint, it is exposed to many possible injuries and damages during physical activity (especially during sports).<\/p>\n<h3>Diagnoses<\/h3>\n<p>You can find further information to the special diagnoses for the knee joint on the following sites. At the moment they are only available in german, but please contact us if you have questions:<\/p>\n<ul class=\"checkmark\">\n<li><a href=\"https:\/\/sporttrauma-koeln.de\/leistungsbereiche\/knie\/vorderer-kreuzbandriss\/\">Cruciate Ligament Rupture<\/a><\/li>\n<li><a href=\"https:\/\/sporttrauma-koeln.de\/leistungsbereiche\/knie\/meniskusriss\/\">Meniscus Rupture<\/a><\/li>\n<li><a href=\"https:\/\/sporttrauma-koeln.de\/leistungsbereiche\/knie\/knorpelschaden\/\">Cartilage Injuries<\/a><\/li>\n<li><a href=\"https:\/\/sporttrauma-koeln.de\/leistungsbereiche\/knie\/gelenkverschleis-arthrose\/\">Joint Wear\/Arthritis<\/a><\/li>\n<li><a href=\"https:\/\/sporttrauma-koeln.de\/leistungsbereiche\/knie\/kniescheibe-patella\/\">Patella<\/a><\/li>\n<\/ul>\n<h3>Do you have a knee joint injury and wish for an appointment, or for more information concerning this topic? Please contact us!<\/h3>\n\n<div class=\"wpcf7 no-js\" id=\"wpcf7-f3368-o1\" lang=\"en-GB\" dir=\"ltr\" data-wpcf7-id=\"3368\">\n<div class=\"screen-reader-response\"><p role=\"status\" aria-live=\"polite\" aria-atomic=\"true\"><\/p> <ul><\/ul><\/div>\n<form action=\"\/en\/wp-json\/wp\/v2\/pages\/14#wpcf7-f3368-o1\" method=\"post\" class=\"wpcf7-form init\" aria-label=\"Contact form\" novalidate=\"novalidate\" data-status=\"init\">\n<div style=\"display: none;\">\n<input type=\"hidden\" name=\"_wpcf7\" value=\"3368\" \/>\n<input type=\"hidden\" name=\"_wpcf7_version\" value=\"6.0.6\" \/>\n<input type=\"hidden\" name=\"_wpcf7_locale\" value=\"en_GB\" \/>\n<input type=\"hidden\" name=\"_wpcf7_unit_tag\" value=\"wpcf7-f3368-o1\" \/>\n<input type=\"hidden\" name=\"_wpcf7_container_post\" value=\"0\" \/>\n<input type=\"hidden\" name=\"_wpcf7_posted_data_hash\" value=\"\" \/>\n<input type=\"hidden\" name=\"_wpcf7cf_hidden_group_fields\" value=\"[]\" \/>\n<input type=\"hidden\" name=\"_wpcf7cf_hidden_groups\" value=\"[]\" \/>\n<input type=\"hidden\" name=\"_wpcf7cf_visible_groups\" value=\"[]\" \/>\n<input type=\"hidden\" name=\"_wpcf7cf_repeaters\" value=\"[]\" \/>\n<input type=\"hidden\" name=\"_wpcf7cf_steps\" value=\"{}\" \/>\n<input type=\"hidden\" name=\"_wpcf7cf_options\" value=\"{&quot;form_id&quot;:3368,&quot;conditions&quot;:[{&quot;then_field&quot;:&quot;ai_knie_fragen&quot;,&quot;and_rules&quot;:[{&quot;if_field&quot;:&quot;leistungsbereich&quot;,&quot;operator&quot;:&quot;equals&quot;,&quot;if_value&quot;:&quot;Knie&quot;}]},{&quot;then_field&quot;:&quot;nicht_ai_knie&quot;,&quot;and_rules&quot;:[{&quot;if_field&quot;:&quot;leistungsbereich&quot;,&quot;operator&quot;:&quot;not equals&quot;,&quot;if_value&quot;:&quot;Knie&quot;}]},{&quot;then_field&quot;:&quot;akutes_ereignis_group&quot;,&quot;and_rules&quot;:[{&quot;if_field&quot;:&quot;akutes_ereignis&quot;,&quot;operator&quot;:&quot;equals&quot;,&quot;if_value&quot;:&quot;Ja&quot;}]},{&quot;then_field&quot;:&quot;kein_akutes_ereignis_group&quot;,&quot;and_rules&quot;:[{&quot;if_field&quot;:&quot;akutes_ereignis&quot;,&quot;operator&quot;:&quot;equals&quot;,&quot;if_value&quot;:&quot;Nein&quot;}]}],&quot;settings&quot;:{&quot;animation&quot;:&quot;yes&quot;,&quot;animation_intime&quot;:200,&quot;animation_outtime&quot;:200,&quot;conditions_ui&quot;:&quot;normal&quot;,&quot;notice_dismissed&quot;:false}}\" \/>\n<\/div>\n<h3 style=\"padding-top:20px;\">Kontaktformular\n<\/h3>\n<div class=\"form-block\">\n\t<div class=\"field-label\">\n\t\t<p>In welchem K\u00f6rperteil haben Sie Beschwerden?*\n\t\t<\/p>\n\t<\/div>\n\t<p><span class=\"wpcf7-form-control-wrap\" data-name=\"leistungsbereich\"><select class=\"wpcf7-form-control wpcf7-select wpcf7-validates-as-required\" aria-required=\"true\" aria-invalid=\"false\" name=\"leistungsbereich\"><option value=\"\"><\/option><option value=\"Knie\">Knie<\/option><option value=\"Schulter\">Schulter<\/option><option value=\"Sprunggelenk\">Sprunggelenk<\/option><option value=\"Ellenbogen\">Ellenbogen<\/option><option value=\"Andere\">Andere<\/option><\/select><\/span>\n\t<\/p>\n<\/div>\n<div data-id=\"ai_knie_fragen\" data-orig_data_id=\"ai_knie_fragen\" data-clear_on_hide data-class=\"wpcf7cf_group\">\n\t<div class=\"form-block\">\n\t\t<div class=\"field-label\">\n\t\t\t<p>Hatten Sie ein akutes Ereignis mit Ihrem Kniegelenk?*\n\t\t\t<\/p>\n\t\t<\/div>\n\t\t<p><span class=\"wpcf7-form-control-wrap\" data-name=\"akutes_ereignis\"><select class=\"wpcf7-form-control wpcf7-select wpcf7-validates-as-required\" aria-required=\"true\" aria-invalid=\"false\" name=\"akutes_ereignis\"><option value=\"Ja\">Ja<\/option><option value=\"Nein\">Nein<\/option><\/select><\/span>\n\t\t<\/p>\n\t\t<div data-id=\"akutes_ereignis_group\" data-orig_data_id=\"akutes_ereignis_group\" data-clear_on_hide data-class=\"wpcf7cf_group\">\n\t\t\t<div class=\"field-label\", style=\"margin-top: 20px;margin-bottom: 0px\">\n\t\t\t\t<p>Wenn Sie ein akutes Ereignis mit Ihrem Knie hatten, bitte beschreiben Sie, wann und was genau passiert ist.\n\t\t\t\t<\/p>\n\t\t\t<\/div>\n\t\t\t<div style=\"font-style: italic; color: #666; margin-top: -1px;\">\n\t\t\t\t<p>z.B. \u201eGestern habe ich beim Sport mein Knie verdreht\u201c oder \u201eam 20.11.24 konnte ich nach einer tiefen Hocke das Kniegelenk nicht mehr strecken.\u201c\n\t\t\t\t<\/p>\n\t\t\t<\/div>\n\t\t\t<p><span class=\"wpcf7-form-control-wrap\" data-name=\"akutes_ereignis_beschreibung\"><input size=\"40\" maxlength=\"400\" class=\"wpcf7-form-control wpcf7-text\" aria-invalid=\"false\" value=\"\" type=\"text\" name=\"akutes_ereignis_beschreibung\" \/><\/span>\n\t\t\t<\/p>\n\t\t<\/div>\n\t\t<div data-id=\"kein_akutes_ereignis_group\" data-orig_data_id=\"kein_akutes_ereignis_group\" data-clear_on_hide data-class=\"wpcf7cf_group\">\n\t\t\t<div class=\"field-label\", style=\"margin-top: 20px;margin-bottom: 0px\">\n\t\t\t\t<p>Wenn Sie <span style=\"text-decoration: underline;\">kein<\/span> akutes Ereignis mit Ihrem Kniegelenk hatten, unter welchen Umst\u00e4nden sind Ihre Beschwerden erstmals aufgetreten und wie lange haben Sie sie schon?\n\t\t\t\t<\/p>\n\t\t\t<\/div>\n\t\t\t<div style=\"font-style: italic; color: #666; margin-top: -1px;\">\n\t\t\t\t<p>z.B. \u201eAllm\u00e4hlich im Alltag vor etwa einem Monat\u201c oder \u201eSeit einem Jahr, auch im Ruhezustand\u201c\n\t\t\t\t<\/p>\n\t\t\t<\/div>\n\t\t\t<p><span class=\"wpcf7-form-control-wrap\" data-name=\"kein_akutes_ereignis_beschreibung\"><input size=\"40\" maxlength=\"400\" class=\"wpcf7-form-control wpcf7-text\" aria-invalid=\"false\" value=\"\" type=\"text\" name=\"kein_akutes_ereignis_beschreibung\" \/><\/span>\n\t\t\t<\/p>\n\t\t<\/div>\n\t\t<div class=\"field-label\", style=\"margin-top: 20px;margin-bottom: 0px\">\n\t\t\t<p>Bitte beschreiben Sie m\u00f6glichst detailliert die Art und den Ort Ihrer Beschwerden.\n\t\t\t<\/p>\n\t\t<\/div>\n\t\t<div style=\"font-style: italic; color: #666; margin-top: -1px;\">\n\t\t\t<p>z.B. \u201eSchwellung an der Au\u00dfenseite des Knies\u201c oder \u201eSchmerzen an der Innenseite des Kniegelenks beim Gehen\u201c oder \u201est\u00e4ndige Schmerzen im gesamten Knie, auch nachts\u201c\n\t\t\t<\/p>\n\t\t<\/div>\n\t\t<p><span class=\"wpcf7-form-control-wrap\" data-name=\"ki_beschwerden\"><input size=\"40\" maxlength=\"400\" class=\"wpcf7-form-control wpcf7-text\" aria-invalid=\"false\" value=\"\" type=\"text\" name=\"ki_beschwerden\" \/><\/span>\n\t\t<\/p>\n\t\t<div class=\"field-label\", style=\"margin-top: 20px;margin-bottom: 0px\">\n\t\t\t<p>Bitte beschreiben Sie, wie gut Sie Ihr Knie vollst\u00e4ndig ausstrecken k\u00f6nnen. Treten dabei Schmerzen auf? Bitte geben Sie auch an, ob und wo dabei Schmerzen auftreten und in welcher Intensit\u00e4t.\n\t\t\t<\/p>\n\t\t<\/div>\n\t\t<div style=\"font-style: italic; color: #666; margin-top: -1px;\">\n\t\t\t<p>z.B. \u201eich kann mein Knie vollst\u00e4ndig beugen, jedoch nicht mehr ganz ausstrecken, wenn ich auf einer harten Unterlage liege.\u201c\n\t\t\t<\/p>\n\t\t<\/div>\n\t\t<p><span class=\"wpcf7-form-control-wrap\" data-name=\"ki_beweglichkeit\"><input size=\"40\" maxlength=\"400\" class=\"wpcf7-form-control wpcf7-text\" aria-invalid=\"false\" value=\"\" type=\"text\" name=\"ki_beweglichkeit\" \/><\/span>\n\t\t<\/p>\n\t\t<div class=\"field-label\", style=\"margin-top: 20px;margin-bottom: 0px\">\n\t\t\t<p>Bitte beschreiben Sie, ob Ihr Knie eine Schwellung aufweist.\n\t\t\t<\/p>\n\t\t<\/div>\n\t\t<div style=\"font-style: italic; color: #666; margin-top: -1px;\">\n\t\t\t<p>d.h. es ist dicker als das Kniegelenk der anderen Seite.\n\t\t\t<\/p>\n\t\t<\/div>\n\t\t<p><span class=\"wpcf7-form-control-wrap\" data-name=\"ki_schwellung\"><input size=\"40\" maxlength=\"400\" class=\"wpcf7-form-control wpcf7-text\" aria-invalid=\"false\" value=\"\" type=\"text\" name=\"ki_schwellung\" \/><\/span>\n\t\t<\/p>\n\t\t<div class=\"field-label\", style=\"margin-top: 20px;margin-bottom: 0px\">\n\t\t\t<p>Falls Sie eine Knieverletzung hatten, sagen Sie uns bitte, welche Art von Verletzung es war mit einer ungef\u00e4hren Zeitangabe.\n\t\t\t<\/p>\n\t\t<\/div>\n\t\t<div style=\"font-style: italic; color: #666; margin-top: -1px;\">\n\t\t\t<p>z.B. \u201eMeniskusriss vor 3 Jahren\u201c, \u201eRiss des vorderen Kreuzbandes vor 10 Monaten\u201c, \u201eKniescheibenverrenkung\u201c, \u201eKnorpelschaden\u201c\n\t\t\t<\/p>\n\t\t<\/div>\n\t\t<p><span class=\"wpcf7-form-control-wrap\" data-name=\"ki_andere_knie_probleme\"><input size=\"40\" maxlength=\"400\" class=\"wpcf7-form-control wpcf7-text\" aria-invalid=\"false\" value=\"\" type=\"text\" name=\"ki_andere_knie_probleme\" \/><\/span>\n\t\t<\/p>\n\t<\/div>\n<\/div>\n<div data-id=\"nicht_ai_knie\" data-orig_data_id=\"nicht_ai_knie\" data-clear_on_hide data-class=\"wpcf7cf_group\">\n\t<div class=\"form-block\">\n\t\t<p><span id=\"wpcf7-69dc4bc78b3ee-wrapper\" class=\"wpcf7-form-control-wrap Vorname-wrap\" style=\"display:none !important; visibility:hidden !important;\"><input type=\"hidden\" name=\"Vorname-time-start\" value=\"1776044999\"><input type=\"hidden\" name=\"Vorname-time-check\" value=\"5\"><label for=\"wpcf7-69dc4bc78b3ee-field\" class=\"hp-message\">Please leave this field empty.<\/label><input id=\"wpcf7-69dc4bc78b3ee-field\"  class=\"wpcf7-form-control wpcf7-text\" type=\"text\" name=\"Vorname\" value=\"\" size=\"40\" tabindex=\"-1\" autocomplete=\"new-password\" \/><\/span>\n\t\t<\/p>\n\t\t<div class=\"field-label\">\n\t\t\t<p>Beschreibung Ihrer Beschwerden und zus\u00e4tzliche Anmerkungen: <i>(Pflichtfeld)<\/i>\n\t\t\t<\/p>\n\t\t<\/div>\n\t\t<p><span class=\"wpcf7-form-control-wrap\" data-name=\"textarea\"><textarea cols=\"40\" rows=\"10\" maxlength=\"2000\" class=\"wpcf7-form-control wpcf7-textarea wpcf7-validates-as-required\" aria-required=\"true\" aria-invalid=\"false\" name=\"textarea\"><\/textarea><\/span>\n\t\t<\/p>\n\t<\/div>\n<\/div>\n<div class=\"form-block\">\n\t<div class=\"left\">\n\t\t<div class=\"field-label\">\n\t\t\t<p>Vorliegende Unterlagen:\n\t\t\t<\/p>\n\t\t<\/div>\n\t\t<p><span class=\"wpcf7-form-control-wrap\" data-name=\"unterlagen\"><span class=\"wpcf7-form-control wpcf7-checkbox\"><span class=\"wpcf7-list-item first\"><label><input type=\"checkbox\" name=\"unterlagen[]\" value=\"Kernspintomographiebilder\" \/><span class=\"wpcf7-list-item-label\">Kernspintomographiebilder<\/span><\/label><\/span><span class=\"wpcf7-list-item\"><label><input type=\"checkbox\" name=\"unterlagen[]\" value=\"R\u00f6ntgenbilder\" \/><span class=\"wpcf7-list-item-label\">R\u00f6ntgenbilder<\/span><\/label><\/span><span class=\"wpcf7-list-item last\"><label><input type=\"checkbox\" name=\"unterlagen[]\" value=\"Computertomographiebilder\" \/><span class=\"wpcf7-list-item-label\">Computertomographiebilder<\/span><\/label><\/span><\/span><\/span>\n\t\t<\/p>\n\t<\/div>\n\t<div class=\"right\">\n\t\t<div class=\"field-label\">\n\t\t\t<p>Sind Sie bereits Patient bei uns?*\n\t\t\t<\/p>\n\t\t<\/div>\n\t\t<p><span class=\"wpcf7-form-control-wrap\" data-name=\"radio-199\"><span class=\"wpcf7-form-control wpcf7-radio\"><span class=\"wpcf7-list-item first\"><label><input type=\"radio\" name=\"radio-199\" value=\"ja\" checked=\"checked\" \/><span class=\"wpcf7-list-item-label\">ja<\/span><\/label><\/span><span class=\"wpcf7-list-item last\"><label><input type=\"radio\" name=\"radio-199\" value=\"nein\" \/><span class=\"wpcf7-list-item-label\">nein<\/span><\/label><\/span><\/span><\/span>\n\t\t<\/p>\n\t<\/div>\n<\/div>\n<div class=\"form-block\">\n\t<div class=\"field-label\">\n\t\t<p>Weitere Informationen\n\t\t<\/p>\n\t<\/div>\n\t<p><span class=\"wpcf7-form-control-wrap\" data-name=\"informationen\"><span class=\"wpcf7-form-control wpcf7-checkbox\"><span class=\"wpcf7-list-item first\"><label><input type=\"checkbox\" name=\"informationen[]\" value=\"Ich war bez\u00fcglich meiner Beschwerden bereits bei einem Arzt\" \/><span class=\"wpcf7-list-item-label\">Ich war bez\u00fcglich meiner Beschwerden bereits bei einem Arzt<\/span><\/label><\/span><span class=\"wpcf7-list-item last\"><label><input type=\"checkbox\" name=\"informationen[]\" value=\"Es handelt sich um einen Arbeits- oder Dienstunfall (berufsgenossenschaftlich)\" \/><span class=\"wpcf7-list-item-label\">Es handelt sich um einen Arbeits- oder Dienstunfall (berufsgenossenschaftlich)<\/span><\/label><\/span><\/span><\/span>\n\t<\/p>\n<\/div>\n<div class=\"form-block\">\n\t<div class=\"field-label\">\n\t\t<p>Sie haben eine \u00dcberweisung von:\n\t\t<\/p>\n\t<\/div>\n\t<p><span class=\"wpcf7-form-control-wrap\" data-name=\"uberweisung\"><input size=\"40\" maxlength=\"400\" class=\"wpcf7-form-control wpcf7-text\" aria-invalid=\"false\" value=\"\" type=\"text\" name=\"uberweisung\" \/><\/span>\n\t<\/p>\n<\/div>\n<h3 class=\"form-inner-title\">KONTAKTDATEN\n<\/h3>\n<div class=\"form-block\">\n\t<div class=\"left\">\n\t\t<div class=\"field-label\">\n\t\t\t<p>Anrede:\n\t\t\t<\/p>\n\t\t<\/div>\n\t\t<p><span class=\"wpcf7-form-control-wrap\" data-name=\"anrede\"><span class=\"wpcf7-form-control wpcf7-radio\"><span class=\"wpcf7-list-item first\"><label><input type=\"radio\" name=\"anrede\" value=\"Herr\" \/><span class=\"wpcf7-list-item-label\">Herr<\/span><\/label><\/span><span class=\"wpcf7-list-item last\"><label><input type=\"radio\" name=\"anrede\" value=\"Frau\" \/><span class=\"wpcf7-list-item-label\">Frau<\/span><\/label><\/span><\/span><\/span>\n\t\t<\/p>\n\t<\/div>\n\t<div class=\"right\">\n\t\t<div class=\"field-label\">\n\t\t\t<p>Alter:\n\t\t\t<\/p>\n\t\t<\/div>\n\t\t<p><span class=\"wpcf7-form-control-wrap\" data-name=\"alter\"><input class=\"wpcf7-form-control wpcf7-number wpcf7-validates-as-required wpcf7-validates-as-number\" min=\"0\" max=\"150\" aria-required=\"true\" aria-invalid=\"false\" value=\"\" type=\"number\" name=\"alter\" \/><\/span>\n\t\t<\/p>\n\t<\/div>\n<\/div>\n<div class=\"form-block\">\n\t<div class=\"left\">\n\t\t<div class=\"field-label\">\n\t\t\t<p>Vorname\n\t\t\t<\/p>\n\t\t<\/div>\n\t\t<p><span class=\"wpcf7-form-control-wrap\" data-name=\"vorname\"><input size=\"40\" maxlength=\"400\" class=\"wpcf7-form-control wpcf7-text\" aria-invalid=\"false\" value=\"\" type=\"text\" name=\"vorname\" \/><\/span>\n\t\t<\/p>\n\t<\/div>\n\t<div class=\"right\">\n\t\t<div class=\"field-label\">\n\t\t\t<p>Nachname*\n\t\t\t<\/p>\n\t\t<\/div>\n\t\t<p><span class=\"wpcf7-form-control-wrap\" data-name=\"nachname\"><input size=\"40\" maxlength=\"400\" class=\"wpcf7-form-control wpcf7-text wpcf7-validates-as-required\" aria-required=\"true\" aria-invalid=\"false\" value=\"\" type=\"text\" name=\"nachname\" \/><\/span>\n\t\t<\/p>\n\t<\/div>\n<\/div>\n<div class=\"form-block\">\n\t<div class=\"left\">\n\t\t<div class=\"field-label\">\n\t\t\t<p>Stra\u00dfe und Hausnummer\n\t\t\t<\/p>\n\t\t<\/div>\n\t\t<p><span class=\"wpcf7-form-control-wrap\" data-name=\"strasse\"><input size=\"40\" maxlength=\"400\" class=\"wpcf7-form-control wpcf7-text\" aria-invalid=\"false\" value=\"\" type=\"text\" name=\"strasse\" \/><\/span>\n\t\t<\/p>\n\t<\/div>\n\t<div class=\"right\">\n\t\t<div class=\"field-label\">\n\t\t\t<p>PLZ\/Ort\n\t\t\t<\/p>\n\t\t<\/div>\n\t\t<p><span class=\"wpcf7-form-control-wrap\" data-name=\"plz\"><input size=\"40\" maxlength=\"400\" class=\"wpcf7-form-control wpcf7-text\" aria-invalid=\"false\" value=\"\" type=\"text\" name=\"plz\" \/><\/span>\n\t\t<\/p>\n\t<\/div>\n<\/div>\n<div class=\"form-block\">\n\t<div class=\"left\">\n\t\t<div class=\"field-label\">\n\t\t\t<p>Telefon*\n\t\t\t<\/p>\n\t\t<\/div>\n\t\t<p><span class=\"wpcf7-form-control-wrap\" data-name=\"telefon\"><input size=\"40\" maxlength=\"400\" class=\"wpcf7-form-control wpcf7-tel wpcf7-validates-as-required wpcf7-text wpcf7-validates-as-tel\" aria-required=\"true\" aria-invalid=\"false\" value=\"\" type=\"tel\" name=\"telefon\" \/><\/span>\n\t\t<\/p>\n\t<\/div>\n\t<div class=\"right\">\n\t\t<div class=\"field-label\">\n\t\t\t<p>E-Mail*\n\t\t\t<\/p>\n\t\t<\/div>\n\t\t<p><span class=\"wpcf7-form-control-wrap\" data-name=\"email\"><input size=\"40\" maxlength=\"400\" class=\"wpcf7-form-control wpcf7-email wpcf7-validates-as-required wpcf7-text wpcf7-validates-as-email\" aria-required=\"true\" aria-invalid=\"false\" value=\"\" type=\"email\" name=\"email\" \/><\/span>\n\t\t<\/p>\n\t<\/div>\n<\/div>\n<div class=\"form-block\">\n\t<div class=\"field-label\">\n\t\t<p>Wie sind Sie versichert?\n\t\t<\/p>\n\t<\/div>\n\t<p><span class=\"wpcf7-form-control-wrap\" data-name=\"versicherung\"><span class=\"wpcf7-form-control wpcf7-radio lined-checkbox\"><span class=\"wpcf7-list-item first\"><input type=\"radio\" name=\"versicherung\" value=\"Gesetzlich\" \/><span class=\"wpcf7-list-item-label\">Gesetzlich<\/span><\/span><span class=\"wpcf7-list-item\"><input type=\"radio\" name=\"versicherung\" value=\"Privat\" \/><span class=\"wpcf7-list-item-label\">Privat<\/span><\/span><span class=\"wpcf7-list-item last\"><input type=\"radio\" name=\"versicherung\" value=\"Selbstzahler\" \/><span class=\"wpcf7-list-item-label\">Selbstzahler<\/span><\/span><\/span><\/span><br \/>\n<span id=\"wpcf7-69dc4bc78b7c5-wrapper\" class=\"wpcf7-form-control-wrap website-wrap\" style=\"display:none !important; visibility:hidden !important;\"><input type=\"hidden\" name=\"website-time-start\" value=\"1776044999\"><input type=\"hidden\" name=\"website-time-check\" value=\"5\"><label for=\"wpcf7-69dc4bc78b7c5-field\" class=\"hp-message\">Please leave this field empty.<\/label><input id=\"wpcf7-69dc4bc78b7c5-field\"  class=\"wpcf7-form-control wpcf7-text\" type=\"text\" name=\"website\" value=\"\" size=\"40\" tabindex=\"-1\" autocomplete=\"new-password\" \/><\/span>\n\t<\/p>\n<\/div>\n<p>Wir verarbeiten Ihre personenbezogene Daten grunds\u00e4tzlich nur, soweit dies zur Kontaktaufnahme und Terminierung n\u00f6tig ist. Bitte beachten Sie unsere <a href=\"\/datenschutz\">Datenschutzbestimmungen<\/a>. Mit dem Absenden des Kontaktformulars stimmen Sie diesen zu.\n<\/p>\n<div class=\"form-block\">\n\t<p><span class=\"wpcf7-form-control-wrap\" data-name=\"datenschutz\"><span class=\"wpcf7-form-control wpcf7-checkbox wpcf7-validates-as-required\"><span class=\"wpcf7-list-item first last\"><label><input type=\"checkbox\" name=\"datenschutz[]\" value=\"Ich habe die Informationen zum Datenschutz auf dieser Seite gelesen\" \/><span class=\"wpcf7-list-item-label\">Ich habe die Informationen zum Datenschutz auf dieser Seite gelesen<\/span><\/label><\/span><\/span><\/span>\n\t<\/p>\n<\/div>\n<p><span id=\"wpcf7-69dc4bc78b82d-wrapper\" class=\"wpcf7-form-control-wrap privacy-check-wrap\" style=\"display:none !important; visibility:hidden !important;\"><input type=\"hidden\" name=\"privacy-check-time-start\" value=\"1776044999\"><input type=\"hidden\" name=\"privacy-check-time-check\" value=\"5\"><label for=\"wpcf7-69dc4bc78b82d-field\" class=\"hp-message\">Please leave this field empty.<\/label><input id=\"wpcf7-69dc4bc78b82d-field\"  class=\"wpcf7-form-control wpcf7-text\" type=\"text\" name=\"privacy-check\" value=\"\" size=\"40\" tabindex=\"-1\" autocomplete=\"new-password\" \/><\/span><br \/>\n<div class=\"cf7-cf-turnstile\" style=\"margin-top: 0px; margin-bottom: -15px;\"> <div id=\"cf-turnstile-cf7-1678371147\" class=\"cf-turnstile\" data-callback=\"turnstileCF7Callback\" data-sitekey=\"0x4AAAAAABT5auO85DYRol5o\" data-theme=\"light\" data-language=\"auto\" data-size=\"normal\" data-retry=\"auto\" data-retry-interval=\"1000\" data-action=\"contact-form-7\" data-appearance=\"always\"><\/div> <style>.wpcf7-submit { pointer-events: none; opacity: 0.5; }<\/style> <script>document.addEventListener(\"DOMContentLoaded\", function() { setTimeout(function(){ var e=document.getElementById(\"cf-turnstile-cf7-1678371147\"); e&&!e.innerHTML.trim()&&(turnstile.remove(\"#cf-turnstile-cf7-1678371147\"), turnstile.render(\"#cf-turnstile-cf7-1678371147\", {sitekey:\"0x4AAAAAABT5auO85DYRol5o\"})); }, 0); });<\/script> <br class=\"cf-turnstile-br cf-turnstile-br-cf7-1678371147\"> <style>#cf-turnstile-cf7-1678371147 { margin-left: -15px; }<\/style> <script>document.addEventListener(\"DOMContentLoaded\",function(){document.querySelectorAll('.wpcf7-form').forEach(function(e){e.addEventListener('submit',function(){if(document.getElementById('cf-turnstile-cf7-1678371147')){setTimeout(function(){turnstile.reset('#cf-turnstile-cf7-1678371147');},1000)}})})});<\/script> <\/div><br\/><input class=\"wpcf7-form-control wpcf7-submit has-spinner button\" type=\"submit\" value=\"Kontaktformular abschicken\" \/>\n<\/p><div class=\"wpcf7-response-output\" aria-hidden=\"true\"><\/div>\n<\/form>\n<\/div>\n\n","protected":false},"excerpt":{"rendered":"<p>Knee injuries and their surgical treatment are our main focus. Here you can find further information on the different diagnoses and the treatment opportunities.<\/p>\n","protected":false},"author":2,"featured_media":686,"parent":139,"menu_order":38,"comment_status":"closed","ping_status":"closed","template":"","meta":{"_acf_changed":false,"footnotes":""},"class_list":["post-14","page","type-page","status-publish","has-post-thumbnail","hentry"],"translation":{"provider":"WPGlobus","version":"3.0.0","language":"en","enabled_languages":["de","en"],"languages":{"de":{"title":true,"content":true,"excerpt":true},"en":{"title":true,"content":true,"excerpt":true}}},"acf":[],"_links":{"self":[{"href":"https:\/\/sporttrauma-koeln.de\/en\/wp-json\/wp\/v2\/pages\/14","targetHints":{"allow":["GET"]}}],"collection":[{"href":"https:\/\/sporttrauma-koeln.de\/en\/wp-json\/wp\/v2\/pages"}],"about":[{"href":"https:\/\/sporttrauma-koeln.de\/en\/wp-json\/wp\/v2\/types\/page"}],"author":[{"embeddable":true,"href":"https:\/\/sporttrauma-koeln.de\/en\/wp-json\/wp\/v2\/users\/2"}],"replies":[{"embeddable":true,"href":"https:\/\/sporttrauma-koeln.de\/en\/wp-json\/wp\/v2\/comments?post=14"}],"version-history":[{"count":27,"href":"https:\/\/sporttrauma-koeln.de\/en\/wp-json\/wp\/v2\/pages\/14\/revisions"}],"predecessor-version":[{"id":3467,"href":"https:\/\/sporttrauma-koeln.de\/en\/wp-json\/wp\/v2\/pages\/14\/revisions\/3467"}],"up":[{"embeddable":true,"href":"https:\/\/sporttrauma-koeln.de\/en\/wp-json\/wp\/v2\/pages\/139"}],"wp:featuredmedia":[{"embeddable":true,"href":"https:\/\/sporttrauma-koeln.de\/en\/wp-json\/wp\/v2\/media\/686"}],"wp:attachment":[{"href":"https:\/\/sporttrauma-koeln.de\/en\/wp-json\/wp\/v2\/media?parent=14"}],"curies":[{"name":"wp","href":"https:\/\/api.w.org\/{rel}","templated":true}]}}